{"id":7750,"date":"2025-05-30T08:33:55","date_gmt":"2025-05-30T06:33:55","guid":{"rendered":"https:\/\/test.famiplus.ch\/centre-de-puericulture\/"},"modified":"2025-08-20T12:45:14","modified_gmt":"2025-08-20T10:45:14","slug":"centre-de-puericulture","status":"publish","type":"page","link":"https:\/\/famiplus.ch\/fr\/centre-de-puericulture\/","title":{"rendered":"Centre de pu\u00e9riculture"},"content":{"rendered":"\t\t<div data-elementor-type=\"wp-page\" data-elementor-id=\"7750\" class=\"elementor elementor-7750 elementor-7748\">\n\t\t\t\t<div class=\"elementor-element elementor-element-65ae6c07 e-flex e-con-boxed e-con e-parent\" data-id=\"65ae6c07\" data-element_type=\"container\" data-e-type=\"container\">\n\t\t\t\t\t<div class=\"e-con-inner\">\n\t\t\t\t<div class=\"elementor-element elementor-element-6c5e46f2 elementor-widget elementor-widget-text-editor\" data-id=\"6c5e46f2\" data-element_type=\"widget\" data-e-type=\"widget\" data-widget_type=\"text-editor.default\">\n\t\t\t\t<div class=\"elementor-widget-container\">\n\t\t\t\t\t\t\t\t\t<h1 class=\"wp-block-heading\">Centre de pu\u00e9riculture<\/h1><p><strong>Conseils gratuits du centre de pu\u00e9riculture<\/strong><\/p><p>Vous avez des questions sur l&rsquo;alimentation, le d\u00e9veloppement ou l&rsquo;\u00e9ducation de votre enfant ? Les m\u00e8res et les p\u00e8res d&rsquo;enfants de moins de 5 ans peuvent b\u00e9n\u00e9ficier d&rsquo;une <strong>consultation gratuite<\/strong> \u00e0 FamiPlus.<br \/><strong>Prochains rendez-vous : Jeudi de 9h30 \u00e0 11h00<\/strong><\/p><ul class=\"wp-block-list\"><li>11.09<\/li><li>09.10<\/li><li>13.11<\/li><li>11.12<\/li><\/ul>\t\t\t\t\t\t\t\t<\/div>\n\t\t\t\t<\/div>\n\t\t\t\t<div class=\"elementor-element elementor-element-bbe5ca3 elementor-widget elementor-widget-image\" data-id=\"bbe5ca3\" data-element_type=\"widget\" data-e-type=\"widget\" data-widget_type=\"image.default\">\n\t\t\t\t<div class=\"elementor-widget-container\">\n\t\t\t\t\t\t\t\t\t\t\t\t\t\t\t\t<a href=\"https:\/\/www.mvb-be.ch\/fr\">\n\t\t\t\t\t\t\t<img fetchpriority=\"high\" decoding=\"async\" width=\"768\" height=\"208\" src=\"https:\/\/famiplus.ch\/wp-content\/uploads\/2025\/08\/mvb_logo_df_rgb_digital-768x208.jpg\" class=\"attachment-medium_large size-medium_large wp-image-8293\" alt=\"\" srcset=\"https:\/\/famiplus.ch\/wp-content\/uploads\/2025\/08\/mvb_logo_df_rgb_digital-768x208.jpg 768w, https:\/\/famiplus.ch\/wp-content\/uploads\/2025\/08\/mvb_logo_df_rgb_digital-300x81.jpg 300w, https:\/\/famiplus.ch\/wp-content\/uploads\/2025\/08\/mvb_logo_df_rgb_digital-1024x277.jpg 1024w, https:\/\/famiplus.ch\/wp-content\/uploads\/2025\/08\/mvb_logo_df_rgb_digital-1536x415.jpg 1536w, https:\/\/famiplus.ch\/wp-content\/uploads\/2025\/08\/mvb_logo_df_rgb_digital.jpg 1802w\" sizes=\"(max-width: 768px) 100vw, 768px\" \/>\t\t\t\t\t\t\t\t<\/a>\n\t\t\t\t\t\t\t\t\t\t\t\t\t\t\t<\/div>\n\t\t\t\t<\/div>\n\t\t\t\t\t<\/div>\n\t\t\t\t<\/div>\n\t\t<div class=\"elementor-element elementor-element-e5c86bd e-flex e-con-boxed e-con e-parent\" data-id=\"e5c86bd\" data-element_type=\"container\" data-e-type=\"container\">\n\t\t\t\t\t<div class=\"e-con-inner\">\n\t\t\t\t\t<\/div>\n\t\t\t\t<\/div>\n\t\t\t\t<\/div>\n\t\t","protected":false},"excerpt":{"rendered":"<p>Centre de pu\u00e9riculture Conseils gratuits du centre de pu\u00e9riculture Vous avez des questions sur l&rsquo;alimentation, le d\u00e9veloppement ou l&rsquo;\u00e9ducation de votre enfant ? Les m\u00e8res et les p\u00e8res d&rsquo;enfants de moins de 5 ans peuvent b\u00e9n\u00e9ficier d&rsquo;une consultation gratuite \u00e0 FamiPlus.Prochains rendez-vous : Jeudi de 9h30 \u00e0 11h00 11.09 09.10 13.11 11.12<\/p>\n","protected":false},"author":1,"featured_media":0,"parent":0,"menu_order":0,"comment_status":"closed","ping_status":"closed","template":"","meta":{"footnotes":""},"class_list":["post-7750","page","type-page","status-publish","hentry"],"_links":{"self":[{"href":"https:\/\/famiplus.ch\/fr\/wp-json\/wp\/v2\/pages\/7750","targetHints":{"allow":["GET"]}}],"collection":[{"href":"https:\/\/famiplus.ch\/fr\/wp-json\/wp\/v2\/pages"}],"about":[{"href":"https:\/\/famiplus.ch\/fr\/wp-json\/wp\/v2\/types\/page"}],"author":[{"embeddable":true,"href":"https:\/\/famiplus.ch\/fr\/wp-json\/wp\/v2\/users\/1"}],"replies":[{"embeddable":true,"href":"https:\/\/famiplus.ch\/fr\/wp-json\/wp\/v2\/comments?post=7750"}],"version-history":[{"count":11,"href":"https:\/\/famiplus.ch\/fr\/wp-json\/wp\/v2\/pages\/7750\/revisions"}],"predecessor-version":[{"id":8309,"href":"https:\/\/famiplus.ch\/fr\/wp-json\/wp\/v2\/pages\/7750\/revisions\/8309"}],"wp:attachment":[{"href":"https:\/\/famiplus.ch\/fr\/wp-json\/wp\/v2\/media?parent=7750"}],"curies":[{"name":"wp","href":"https:\/\/api.w.org\/{rel}","templated":true}]}}