{"id":7740,"date":"2025-05-30T08:31:15","date_gmt":"2025-05-30T08:31:15","guid":{"rendered":"https:\/\/test.famiplus.ch\/ouverture-pendant-les-vacances\/"},"modified":"2025-05-30T08:57:24","modified_gmt":"2025-05-30T08:57:24","slug":"ouverture-pendant-les-vacances","status":"publish","type":"page","link":"https:\/\/famiplus.ch\/fr\/ouverture-pendant-les-vacances\/","title":{"rendered":"Ouverture pendant les vacances"},"content":{"rendered":"\n<h1 class=\"wp-block-heading\">Ouverture pendant les vacances<\/h1>\n\n\n\n<p>Pendant les vacances scolaires biennoises, FamiPlus ouvre ses portes deux fois par semaine. Par beau temps, nous sommes principalement dans le jardin, sinon dans la salle de jeux et la caf\u00e9t\u00e9ria. Gr\u00e2ce \u00e0 diverses activit\u00e9s et bricolages, parfois avec d&rsquo;autres organisations partenaires, nous offrons aux petits de superbes journ\u00e9es de vacances. Aucune inscription n&rsquo;est requise.<\/p>\n\n\n\n<p>Plus dans <a href=\"https:\/\/famiplus.ch\/fr\/evenements-2\/\" data-type=\"page\" data-id=\"7403\" target=\"_blank\" rel=\"noreferrer noopener\">\u00c9v\u00e9nements<\/a><\/p>\n","protected":false},"excerpt":{"rendered":"<p>Ouverture pendant les vacances Pendant les vacances scolaires biennoises, FamiPlus ouvre ses portes deux fois par semaine. Par beau temps, nous sommes principalement dans le jardin, sinon dans la salle de jeux et la caf\u00e9t\u00e9ria. Gr\u00e2ce \u00e0 diverses activit\u00e9s et bricolages, parfois avec d&rsquo;autres organisations partenaires, nous offrons aux petits de superbes journ\u00e9es de vacances. [&hellip;]<\/p>\n","protected":false},"author":1,"featured_media":0,"parent":0,"menu_order":0,"comment_status":"closed","ping_status":"closed","template":"","meta":{"footnotes":""},"class_list":["post-7740","page","type-page","status-publish","hentry"],"_links":{"self":[{"href":"https:\/\/famiplus.ch\/fr\/wp-json\/wp\/v2\/pages\/7740","targetHints":{"allow":["GET"]}}],"collection":[{"href":"https:\/\/famiplus.ch\/fr\/wp-json\/wp\/v2\/pages"}],"about":[{"href":"https:\/\/famiplus.ch\/fr\/wp-json\/wp\/v2\/types\/page"}],"author":[{"embeddable":true,"href":"https:\/\/famiplus.ch\/fr\/wp-json\/wp\/v2\/users\/1"}],"replies":[{"embeddable":true,"href":"https:\/\/famiplus.ch\/fr\/wp-json\/wp\/v2\/comments?post=7740"}],"version-history":[{"count":2,"href":"https:\/\/famiplus.ch\/fr\/wp-json\/wp\/v2\/pages\/7740\/revisions"}],"predecessor-version":[{"id":7777,"href":"https:\/\/famiplus.ch\/fr\/wp-json\/wp\/v2\/pages\/7740\/revisions\/7777"}],"wp:attachment":[{"href":"https:\/\/famiplus.ch\/fr\/wp-json\/wp\/v2\/media?parent=7740"}],"curies":[{"name":"wp","href":"https:\/\/api.w.org\/{rel}","templated":true}]}}