{"id":7734,"date":"2025-05-30T08:29:57","date_gmt":"2025-05-30T06:29:57","guid":{"rendered":"https:\/\/test.famiplus.ch\/bourse-aux-vetements-denfants\/"},"modified":"2026-05-06T15:03:57","modified_gmt":"2026-05-06T13:03:57","slug":"bourse-aux-vetements-denfants","status":"publish","type":"page","link":"https:\/\/famiplus.ch\/fr\/bourse-aux-vetements-denfants\/","title":{"rendered":"Bourse aux v\u00eatements d&rsquo;enfants"},"content":{"rendered":"\t\t<div data-elementor-type=\"wp-page\" data-elementor-id=\"7734\" class=\"elementor elementor-7734 elementor-7732\">\n\t\t\t\t<div class=\"elementor-element elementor-element-498fbc81 e-flex e-con-boxed e-con e-parent\" data-id=\"498fbc81\" data-element_type=\"container\" data-e-type=\"container\">\n\t\t\t\t\t<div class=\"e-con-inner\">\n\t\t\t\t<div class=\"elementor-element elementor-element-3c9b1873 elementor-widget elementor-widget-text-editor\" data-id=\"3c9b1873\" data-element_type=\"widget\" data-e-type=\"widget\" data-widget_type=\"text-editor.default\">\n\t\t\t\t<div class=\"elementor-widget-container\">\n\t\t\t\t\t\t\t\t\t<h1 class=\"wp-block-heading\">Bourse aux v\u00eatements d&rsquo;enfants<\/h1><p>Dans notre bourse aux v\u00eatements pour enfants, vous trouvez de tr\u00e8s beaux v\u00eatements pour b\u00e9b\u00e9s et enfants de 0 \u00e0 12 ans \u00e0 des prix raisonnables. Envie de faire une bonne affaire? Alors venez nous rendre visite. Nous nous r\u00e9jouissons de vous accueillir.   <\/p><p>La bourse FamiPlus est un lieu de confiance pour les familles, o\u00f9 les v\u00eatements pour enfants, les jouets et les livres trouvent une nouvelle vie. Chaque article est s\u00e9lectionn\u00e9 avec soin, en veillant \u00e0 la qualit\u00e9 et \u00e0 la durabilit\u00e9.<\/p>\t\t\t\t\t\t\t\t<\/div>\n\t\t\t\t<\/div>\n\t\t\t\t<div class=\"elementor-element elementor-element-d328feb elementor-widget elementor-widget-heading\" data-id=\"d328feb\" data-element_type=\"widget\" data-e-type=\"widget\" data-widget_type=\"heading.default\">\n\t\t\t\t<div class=\"elementor-widget-container\">\n\t\t\t\t\t<h2 class=\"elementor-heading-title elementor-size-default\">Collecte de v\u00eatements<\/h2>\t\t\t\t<\/div>\n\t\t\t\t<\/div>\n\t\t\t\t<div class=\"elementor-element elementor-element-5f07b93 elementor-widget elementor-widget-text-editor\" data-id=\"5f07b93\" data-element_type=\"widget\" data-e-type=\"widget\" data-widget_type=\"text-editor.default\">\n\t\t\t\t<div class=\"elementor-widget-container\">\n\t\t\t\t\t\t\t\t\t<p>Une nouvelle histoire commence ici: Pour la r\u00e9ouverture de notre bourse aux v\u00eatements, nous acceptons d\u00e8s maintenant des v\u00eatements pour enfants et b\u00e9b\u00e9s. Merci de ne d\u00e9poser que des v\u00eatements en bon \u00e9tat, sans trous ni taches, et des jouets complets. Nous vous remercions d&rsquo;avoir aid\u00e9 la bourse aux v\u00eatements d&rsquo;enfants FamiPlus \u00e0 red\u00e9marrer avec succ\u00e8s gr\u00e2ce aux v\u00eatements que vous avez d\u00e9pos\u00e9s.<\/p><p>Nous nous r\u00e9jouissons de recevoir les articles suivants: <\/p><ul><li>V\u00eatements d&rsquo;enfants de printemps et d&rsquo;\u00e9t\u00e9 dans les tailles 44\/50\u2013164<\/li><li>Jouets<\/li><li>Livres pour enfants<\/li><\/ul><p>Nous acceptons les articles qui sont: <\/p><ul><li>Sans taches ni trous<\/li><li>propres et pr\u00eats \u00e0 porter<\/li><li>de bonne qualit\u00e9 et en bon \u00e9tat<\/li><\/ul><p>Nous revendons ces articles et leur offrons ainsi une nouvelle vie.<\/p><p>Les recettes seront revers\u00e9es \u00e0 l&rsquo;association FamiPlus. Les dons sont compens\u00e9s par un bon d&rsquo;achat, voir ci-dessous.<\/p><p>Plus d&rsquo;informations sur l&rsquo;acceptation et les conditions suivront prochainement.<\/p>\t\t\t\t\t\t\t\t<\/div>\n\t\t\t\t<\/div>\n\t\t\t\t<div class=\"elementor-element elementor-element-ffe940e elementor-widget elementor-widget-heading\" data-id=\"ffe940e\" data-element_type=\"widget\" data-e-type=\"widget\" data-widget_type=\"heading.default\">\n\t\t\t\t<div class=\"elementor-widget-container\">\n\t\t\t\t\t<h3 class=\"elementor-heading-title elementor-size-default\">Jours de collecte<\/h3>\t\t\t\t<\/div>\n\t\t\t\t<\/div>\n\t\t\t\t<div class=\"elementor-element elementor-element-fd4ef8c elementor-widget elementor-widget-text-editor\" data-id=\"fd4ef8c\" data-element_type=\"widget\" data-e-type=\"widget\" data-widget_type=\"text-editor.default\">\n\t\t\t\t<div class=\"elementor-widget-container\">\n\t\t\t\t\t\t\t\t\t<p>Nous acceptons volontiers <strong>les v\u00eatements pour enfants et b\u00e9b\u00e9s pour le printemps et l&rsquo;\u00e9t\u00e9<\/strong> ainsi que <strong>les jouets<\/strong>. Vous pouvez apporter vos affaires d\u00e8s maintenant pendant les heures d&rsquo;ouverture normales (m\u00eame avant le 11 mai, nous sommes d\u00e9j\u00e0 sur place pour tout mettre en place).  <\/p>\t\t\t\t\t\t\t\t<\/div>\n\t\t\t\t<\/div>\n\t\t\t\t<div class=\"elementor-element elementor-element-b4d6a34 elementor-widget elementor-widget-heading\" data-id=\"b4d6a34\" data-element_type=\"widget\" data-e-type=\"widget\" data-widget_type=\"heading.default\">\n\t\t\t\t<div class=\"elementor-widget-container\">\n\t\t\t\t\t<h3 class=\"elementor-heading-title elementor-size-default\">Bon d'achat FamiPlus<\/h3>\t\t\t\t<\/div>\n\t\t\t\t<\/div>\n\t\t\t\t<div class=\"elementor-element elementor-element-2239922 elementor-widget elementor-widget-text-editor\" data-id=\"2239922\" data-element_type=\"widget\" data-e-type=\"widget\" data-widget_type=\"text-editor.default\">\n\t\t\t\t<div class=\"elementor-widget-container\">\n\t\t\t\t\t\t\t\t\t<p>En reconnaissance de votre contribution, nous vous offrons un bon d&rsquo;achat FamiPlus pour une s\u00e9lection d&rsquo;articles, qui peut \u00e0 son tour \u00eatre utilis\u00e9 dans la bourse aux v\u00eatements.<\/p><p>Celui-ci correspond \u00e0 10 % de la valeur estim\u00e9e des articles accept\u00e9s, selon leur \u00e9valuation.<\/p><p>Le bon sera \u00e9mis apr\u00e8s la s\u00e9lection des articles et vous sera remis lors de votre prochaine visite.<\/p>\t\t\t\t\t\t\t\t<\/div>\n\t\t\t\t<\/div>\n\t\t\t\t\t<\/div>\n\t\t\t\t<\/div>\n\t\t<div class=\"elementor-element elementor-element-09e0730 e-flex e-con-boxed e-con e-parent\" data-id=\"09e0730\" data-element_type=\"container\" data-e-type=\"container\">\n\t\t\t\t\t<div class=\"e-con-inner\">\n\t\t\t\t<div class=\"elementor-element elementor-element-93c8916 elementor-widget elementor-widget-heading\" data-id=\"93c8916\" data-element_type=\"widget\" data-e-type=\"widget\" data-widget_type=\"heading.default\">\n\t\t\t\t<div class=\"elementor-widget-container\">\n\t\t\t\t\t<h2 class=\"elementor-heading-title elementor-size-default\">Heures d'ouverture<\/h2>\t\t\t\t<\/div>\n\t\t\t\t<\/div>\n\t\t\t\t<div class=\"elementor-element elementor-element-47f109c elementor-widget elementor-widget-text-editor\" data-id=\"47f109c\" data-element_type=\"widget\" data-e-type=\"widget\" data-widget_type=\"text-editor.default\">\n\t\t\t\t<div class=\"elementor-widget-container\">\n\t\t\t\t\t\t\t\t\t<p>La nouvelle bourse aux v\u00eatements FamiPlus sera ouverte \u00e0 partir du 11 mai aux jours suivants :<\/p><ul><li>Mercredi: 09:00 \u2013 11:30 h<\/li><li>Jeudi: 09:00 \u2013 11:30 h<\/li><li>Vendredi: 09:00 \u2013 11:30 h<\/li><\/ul>\t\t\t\t\t\t\t\t<\/div>\n\t\t\t\t<\/div>\n\t\t\t\t\t<\/div>\n\t\t\t\t<\/div>\n\t\t<div class=\"elementor-element elementor-element-d205306 e-flex e-con-boxed e-con e-parent\" data-id=\"d205306\" data-element_type=\"container\" data-e-type=\"container\">\n\t\t\t\t\t<div class=\"e-con-inner\">\n\t\t\t\t<div class=\"elementor-element elementor-element-f24f2c0 elementor-widget elementor-widget-heading\" data-id=\"f24f2c0\" data-element_type=\"widget\" data-e-type=\"widget\" data-widget_type=\"heading.default\">\n\t\t\t\t<div class=\"elementor-widget-container\">\n\t\t\t\t\t<h2 class=\"elementor-heading-title elementor-size-default\">Contact bourse aux v\u00eatements FamiPlus<\/h2>\t\t\t\t<\/div>\n\t\t\t\t<\/div>\n\t\t\t\t<div class=\"elementor-element elementor-element-b44c028 elementor-widget elementor-widget-text-editor\" data-id=\"b44c028\" data-element_type=\"widget\" data-e-type=\"widget\" data-widget_type=\"text-editor.default\">\n\t\t\t\t<div class=\"elementor-widget-container\">\n\t\t\t\t\t\t\t\t\t<p><a href=\"mailto:kleiderboerse@famiplus.ch\">kleiderboerse@famiplus.ch<\/a><\/p><p>076 459 42 55<\/p><p> <\/p>\t\t\t\t\t\t\t\t<\/div>\n\t\t\t\t<\/div>\n\t\t\t\t\t<\/div>\n\t\t\t\t<\/div>\n\t\t<div class=\"elementor-element elementor-element-b0992d7 e-flex e-con-boxed e-con e-parent\" data-id=\"b0992d7\" data-element_type=\"container\" data-e-type=\"container\">\n\t\t\t\t\t<div class=\"e-con-inner\">\n\t\t\t\t<div class=\"elementor-element elementor-element-df25e26 elementor-widget elementor-widget-image\" data-id=\"df25e26\" data-element_type=\"widget\" data-e-type=\"widget\" data-widget_type=\"image.default\">\n\t\t\t\t<div class=\"elementor-widget-container\">\n\t\t\t\t\t\t\t\t\t\t\t\t\t\t\t<img fetchpriority=\"high\" decoding=\"async\" width=\"600\" height=\"865\" src=\"https:\/\/famiplus.ch\/wp-content\/uploads\/2026\/05\/Flyer-Neu-Eroeffnung.-5.26.png\" class=\"attachment-large size-large wp-image-9104\" alt=\"\" srcset=\"https:\/\/famiplus.ch\/wp-content\/uploads\/2026\/05\/Flyer-Neu-Eroeffnung.-5.26.png 600w, https:\/\/famiplus.ch\/wp-content\/uploads\/2026\/05\/Flyer-Neu-Eroeffnung.-5.26-208x300.png 208w\" sizes=\"(max-width: 600px) 100vw, 600px\" \/>\t\t\t\t\t\t\t\t\t\t\t\t\t\t\t<\/div>\n\t\t\t\t<\/div>\n\t\t\t\t\t<\/div>\n\t\t\t\t<\/div>\n\t\t\t\t<\/div>\n\t\t","protected":false},"excerpt":{"rendered":"<p>Bourse aux v\u00eatements d&rsquo;enfants Dans notre bourse aux v\u00eatements pour enfants, vous trouvez de tr\u00e8s beaux v\u00eatements pour b\u00e9b\u00e9s et enfants de 0 \u00e0 12 ans \u00e0 des prix raisonnables. Envie de faire une bonne affaire? Alors venez nous rendre visite. Nous nous r\u00e9jouissons de vous accueillir. La bourse FamiPlus est un lieu de confiance [&hellip;]<\/p>\n","protected":false},"author":1,"featured_media":0,"parent":0,"menu_order":0,"comment_status":"closed","ping_status":"closed","template":"","meta":{"footnotes":""},"class_list":["post-7734","page","type-page","status-publish","hentry"],"_links":{"self":[{"href":"https:\/\/famiplus.ch\/fr\/wp-json\/wp\/v2\/pages\/7734","targetHints":{"allow":["GET"]}}],"collection":[{"href":"https:\/\/famiplus.ch\/fr\/wp-json\/wp\/v2\/pages"}],"about":[{"href":"https:\/\/famiplus.ch\/fr\/wp-json\/wp\/v2\/types\/page"}],"author":[{"embeddable":true,"href":"https:\/\/famiplus.ch\/fr\/wp-json\/wp\/v2\/users\/1"}],"replies":[{"embeddable":true,"href":"https:\/\/famiplus.ch\/fr\/wp-json\/wp\/v2\/comments?post=7734"}],"version-history":[{"count":33,"href":"https:\/\/famiplus.ch\/fr\/wp-json\/wp\/v2\/pages\/7734\/revisions"}],"predecessor-version":[{"id":9110,"href":"https:\/\/famiplus.ch\/fr\/wp-json\/wp\/v2\/pages\/7734\/revisions\/9110"}],"wp:attachment":[{"href":"https:\/\/famiplus.ch\/fr\/wp-json\/wp\/v2\/media?parent=7734"}],"curies":[{"name":"wp","href":"https:\/\/api.w.org\/{rel}","templated":true}]}}