{"id":7722,"date":"2025-05-30T08:24:49","date_gmt":"2025-05-30T06:24:49","guid":{"rendered":"https:\/\/test.famiplus.ch\/groupe-pour-bebes\/"},"modified":"2025-08-20T12:54:01","modified_gmt":"2025-08-20T10:54:01","slug":"groupe-pour-bebes","status":"publish","type":"page","link":"https:\/\/famiplus.ch\/fr\/groupe-pour-bebes\/","title":{"rendered":"Groupe pour b\u00e9b\u00e9s"},"content":{"rendered":"\n<h1 class=\"wp-block-heading\">Groupe pour b\u00e9b\u00e9s<\/h1>\n\n\n<p>Les m\u00e8res\/p\u00e8res avec de jeunes enfants (env. 0-18 mois) se rencontrent le jeudi de 9h00 \u00e0 11h00 pour \u00e9changer et se retrouver.<br>Les nouveaux visages sont les bienvenus !<\/p>\n\n\n<p>Renseignements au bureau T\u00e9l. 032 322 23 21<\/p>\n\t\t\n\t\t\t\t\t\t\t\t\t\t\t\t\t\t\t<img fetchpriority=\"high\" decoding=\"async\" width=\"300\" height=\"225\" src=\"https:\/\/famiplus.ch\/wp-content\/uploads\/2025\/06\/Babyanimation-300x225.jpg\" alt=\"\" srcset=\"https:\/\/famiplus.ch\/wp-content\/uploads\/2025\/06\/Babyanimation-300x225.jpg 300w, https:\/\/famiplus.ch\/wp-content\/uploads\/2025\/06\/Babyanimation-1024x768.jpg 1024w, https:\/\/famiplus.ch\/wp-content\/uploads\/2025\/06\/Babyanimation-768x576.jpg 768w, https:\/\/famiplus.ch\/wp-content\/uploads\/2025\/06\/Babyanimation-1536x1152.jpg 1536w, https:\/\/famiplus.ch\/wp-content\/uploads\/2025\/06\/Babyanimation.jpg 1600w\" sizes=\"(max-width: 300px) 100vw, 300px\" \/>","protected":false},"excerpt":{"rendered":"<p>Groupe pour b\u00e9b\u00e9s Les m\u00e8res\/p\u00e8res avec de jeunes enfants (env. 0-18 mois) se rencontrent le jeudi de 9h00 \u00e0 11h00 pour \u00e9changer et se retrouver.Les nouveaux visages sont les bienvenus ! Renseignements au bureau T\u00e9l. 032 322 23 21<\/p>\n","protected":false},"author":1,"featured_media":0,"parent":0,"menu_order":0,"comment_status":"closed","ping_status":"closed","template":"","meta":{"footnotes":""},"class_list":["post-7722","page","type-page","status-publish","hentry"],"_links":{"self":[{"href":"https:\/\/famiplus.ch\/fr\/wp-json\/wp\/v2\/pages\/7722","targetHints":{"allow":["GET"]}}],"collection":[{"href":"https:\/\/famiplus.ch\/fr\/wp-json\/wp\/v2\/pages"}],"about":[{"href":"https:\/\/famiplus.ch\/fr\/wp-json\/wp\/v2\/types\/page"}],"author":[{"embeddable":true,"href":"https:\/\/famiplus.ch\/fr\/wp-json\/wp\/v2\/users\/1"}],"replies":[{"embeddable":true,"href":"https:\/\/famiplus.ch\/fr\/wp-json\/wp\/v2\/comments?post=7722"}],"version-history":[{"count":6,"href":"https:\/\/famiplus.ch\/fr\/wp-json\/wp\/v2\/pages\/7722\/revisions"}],"predecessor-version":[{"id":8315,"href":"https:\/\/famiplus.ch\/fr\/wp-json\/wp\/v2\/pages\/7722\/revisions\/8315"}],"wp:attachment":[{"href":"https:\/\/famiplus.ch\/fr\/wp-json\/wp\/v2\/media?parent=7722"}],"curies":[{"name":"wp","href":"https:\/\/api.w.org\/{rel}","templated":true}]}}