{"id":7718,"date":"2025-05-30T08:23:38","date_gmt":"2025-05-30T06:23:38","guid":{"rendered":"https:\/\/test.famiplus.ch\/cafe-rencontre\/"},"modified":"2026-04-30T22:40:59","modified_gmt":"2026-04-30T20:40:59","slug":"cafe-rencontre","status":"publish","type":"page","link":"https:\/\/famiplus.ch\/fr\/cafe-rencontre\/","title":{"rendered":"Caf\u00e9-rencontre"},"content":{"rendered":"\t\t<div data-elementor-type=\"wp-page\" data-elementor-id=\"7718\" class=\"elementor elementor-7718 elementor-7716\">\n\t\t\t\t<div class=\"elementor-element elementor-element-6c525679 e-flex e-con-boxed e-con e-parent\" data-id=\"6c525679\" data-element_type=\"container\" data-e-type=\"container\">\n\t\t\t\t\t<div class=\"e-con-inner\">\n\t\t\t\t<div class=\"elementor-element elementor-element-6142addf elementor-widget elementor-widget-text-editor\" data-id=\"6142addf\" data-element_type=\"widget\" data-e-type=\"widget\" data-widget_type=\"text-editor.default\">\n\t\t\t\t<div class=\"elementor-widget-container\">\n\t\t\t\t\t\t\t\t\t<h1 class=\"wp-block-heading\">Caf\u00e9-rencontre<\/h1><p>Venez prendre un caf\u00e9 en toute d\u00e9contraction dans une ambiance conviviale et \u00e9changer avec d&rsquo;autres parents. <\/p><p>Dans notre caf\u00e9t\u00e9ria accueillante, vous trouverez un large choix de boissons, des g\u00e2teaux faits maison, des croissants et des collations. Vous y trouverez \u00e9galement des brochures utiles et des informations sur les prestations propos\u00e9es \u00e0 Bienne et dans les environs. Dans notre caf\u00e9, vous pouvez faire de nouvelles connaissances et nouer des contacts avec d\u2019autres parents et enfants.  <\/p><p>Votre enfant n\u2019est pas oblig\u00e9 de rester assis tranquillement: il peut jouer s\u2019il le souhaite ou go\u00fbter \u00e0 notre s\u00e9lection de boissons et de snacks adapt\u00e9s aux enfants.<\/p><p>N\u2019h\u00e9sitez pas \u00e0 venir jeter un \u0153il, nous nous r\u00e9jouissons de votre visite!<\/p>\t\t\t\t\t\t\t\t<\/div>\n\t\t\t\t<\/div>\n\t\t\t\t\t<\/div>\n\t\t\t\t<\/div>\n\t\t\t\t<\/div>\n\t\t","protected":false},"excerpt":{"rendered":"<p>Caf\u00e9-rencontre Venez prendre un caf\u00e9 en toute d\u00e9contraction dans une ambiance conviviale et \u00e9changer avec d&rsquo;autres parents. Dans notre caf\u00e9t\u00e9ria accueillante, vous trouverez un large choix de boissons, des g\u00e2teaux faits maison, des croissants et des collations. Vous y trouverez \u00e9galement des brochures utiles et des informations sur les prestations propos\u00e9es \u00e0 Bienne et dans [&hellip;]<\/p>\n","protected":false},"author":1,"featured_media":0,"parent":0,"menu_order":0,"comment_status":"closed","ping_status":"closed","template":"","meta":{"footnotes":""},"class_list":["post-7718","page","type-page","status-publish","hentry"],"_links":{"self":[{"href":"https:\/\/famiplus.ch\/fr\/wp-json\/wp\/v2\/pages\/7718","targetHints":{"allow":["GET"]}}],"collection":[{"href":"https:\/\/famiplus.ch\/fr\/wp-json\/wp\/v2\/pages"}],"about":[{"href":"https:\/\/famiplus.ch\/fr\/wp-json\/wp\/v2\/types\/page"}],"author":[{"embeddable":true,"href":"https:\/\/famiplus.ch\/fr\/wp-json\/wp\/v2\/users\/1"}],"replies":[{"embeddable":true,"href":"https:\/\/famiplus.ch\/fr\/wp-json\/wp\/v2\/comments?post=7718"}],"version-history":[{"count":10,"href":"https:\/\/famiplus.ch\/fr\/wp-json\/wp\/v2\/pages\/7718\/revisions"}],"predecessor-version":[{"id":8970,"href":"https:\/\/famiplus.ch\/fr\/wp-json\/wp\/v2\/pages\/7718\/revisions\/8970"}],"wp:attachment":[{"href":"https:\/\/famiplus.ch\/fr\/wp-json\/wp\/v2\/media?parent=7718"}],"curies":[{"name":"wp","href":"https:\/\/api.w.org\/{rel}","templated":true}]}}