{"id":7714,"date":"2025-05-30T08:21:42","date_gmt":"2025-05-30T08:21:42","guid":{"rendered":"https:\/\/test.famiplus.ch\/salle-de-jeux\/"},"modified":"2025-07-26T17:29:47","modified_gmt":"2025-07-26T17:29:47","slug":"salle-de-jeux","status":"publish","type":"page","link":"https:\/\/famiplus.ch\/fr\/salle-de-jeux\/","title":{"rendered":"Salle de jeux"},"content":{"rendered":"\n<h1 class=\"wp-block-heading\">Salle de jeux<\/h1>\n\n\n\n<p>Dans des <strong>salles de jeux<\/strong> sp\u00e9ciales, les enfants (entre 0 et 4 ans) peuvent jouer, faire des d\u00e9couvertes, se faire des amis et s&rsquo;amuser. Deux employ\u00e9s les accompagnent pour que les petits se sentent en s\u00e9curit\u00e9. Les parents sont invit\u00e9s \u00e0 passer du temps avec leurs enfants dans la chambre d&rsquo;enfant et \u00e0 y jouer. La chambre des enfants comprend une <strong>salle de bricolage<\/strong> suppl\u00e9mentaire. Nos collaboratrices y organisent un bricolage cr\u00e9atif adapt\u00e9 \u00e0 l&rsquo;\u00e2ge des enfants. Les enfants peuvent d\u00e9couvrir diff\u00e9rents mat\u00e9riaux et emporter leurs \u0153uvres \u00e0 la maison.<\/p>\n","protected":false},"excerpt":{"rendered":"<p>Salle de jeux Dans des salles de jeux sp\u00e9ciales, les enfants (entre 0 et 4 ans) peuvent jouer, faire des d\u00e9couvertes, se faire des amis et s&rsquo;amuser. Deux employ\u00e9s les accompagnent pour que les petits se sentent en s\u00e9curit\u00e9. Les parents sont invit\u00e9s \u00e0 passer du temps avec leurs enfants dans la chambre d&rsquo;enfant et [&hellip;]<\/p>\n","protected":false},"author":1,"featured_media":0,"parent":0,"menu_order":0,"comment_status":"closed","ping_status":"closed","template":"","meta":{"footnotes":""},"class_list":["post-7714","page","type-page","status-publish","hentry"],"_links":{"self":[{"href":"https:\/\/famiplus.ch\/fr\/wp-json\/wp\/v2\/pages\/7714","targetHints":{"allow":["GET"]}}],"collection":[{"href":"https:\/\/famiplus.ch\/fr\/wp-json\/wp\/v2\/pages"}],"about":[{"href":"https:\/\/famiplus.ch\/fr\/wp-json\/wp\/v2\/types\/page"}],"author":[{"embeddable":true,"href":"https:\/\/famiplus.ch\/fr\/wp-json\/wp\/v2\/users\/1"}],"replies":[{"embeddable":true,"href":"https:\/\/famiplus.ch\/fr\/wp-json\/wp\/v2\/comments?post=7714"}],"version-history":[{"count":3,"href":"https:\/\/famiplus.ch\/fr\/wp-json\/wp\/v2\/pages\/7714\/revisions"}],"predecessor-version":[{"id":8152,"href":"https:\/\/famiplus.ch\/fr\/wp-json\/wp\/v2\/pages\/7714\/revisions\/8152"}],"wp:attachment":[{"href":"https:\/\/famiplus.ch\/fr\/wp-json\/wp\/v2\/media?parent=7714"}],"curies":[{"name":"wp","href":"https:\/\/api.w.org\/{rel}","templated":true}]}}