{"id":7321,"date":"2025-03-10T15:21:49","date_gmt":"2025-03-10T15:21:49","guid":{"rendered":"https:\/\/test.famiplus.ch\/declaration-de-confidentialite\/"},"modified":"2025-04-15T20:40:29","modified_gmt":"2025-04-15T20:40:29","slug":"declaration-de-confidentialite","status":"publish","type":"page","link":"https:\/\/famiplus.ch\/fr\/declaration-de-confidentialite\/","title":{"rendered":"D\u00e9claration de confidentialit\u00e9"},"content":{"rendered":"\n<h3 class=\"wp-block-heading\"><strong>D\u00e9claration de confidentialit\u00e9<\/strong><\/h3>\n\n<p>En vertu de l&rsquo;article 13 de la Constitution f\u00e9d\u00e9rale suisse et des dispositions f\u00e9d\u00e9rales relatives \u00e0 la protection des donn\u00e9es (loi sur la protection des donn\u00e9es, LPD), toute personne a droit \u00e0 la protection de sa vie priv\u00e9e ainsi qu&rsquo;\u00e0 la protection contre l&rsquo;utilisation abusive de ses donn\u00e9es personnelles. L&rsquo;association vitamin B respecte ces dispositions. Les donn\u00e9es personnelles sont trait\u00e9es de mani\u00e8re strictement confidentielle et ne sont ni vendues ni transmises \u00e0 des tiers. En \u00e9troite collaboration avec nos h\u00e9bergeurs, nous nous effor\u00e7ons de prot\u00e9ger autant que possible les bases de donn\u00e9es contre les acc\u00e8s \u00e9trangers, les pertes, les abus ou les falsifications. Lorsque vous acc\u00e9dez \u00e0 nos pages web, les donn\u00e9es suivantes sont enregistr\u00e9es dans des fichiers journaux : Adresse IP, date, heure, demande de navigateur et informations g\u00e9n\u00e9rales transmises sur le syst\u00e8me d&rsquo;exploitation ou le navigateur. Ces donn\u00e9es d&rsquo;utilisation constituent la base d&rsquo;\u00e9valuations statistiques anonymes, de sorte que des tendances peuvent \u00eatre identifi\u00e9es, sur la base desquelles nous pouvons am\u00e9liorer nos offres en cons\u00e9quence.       <\/p>\n\n<p><strong>Vos droits en tant que personne concern\u00e9e<\/strong><\/p>\n\n<p>Vous pouvez \u00e0 tout moment exercer les droits suivants en utilisant nos coordonn\u00e9es :<\/p>\n\n<p>Information sur les donn\u00e9es que nous d\u00e9tenons \u00e0 votre sujet et sur leur traitement,<br\/>Rectification des donn\u00e9es personnelles inexactes,<br\/>Suppression des donn\u00e9es que nous d\u00e9tenons \u00e0 votre sujet,<\/p>\n\n<p>Limitation du traitement des donn\u00e9es si nous ne sommes pas encore autoris\u00e9s \u00e0 supprimer vos donn\u00e9es en raison d&rsquo;obligations l\u00e9gales,<br\/>Opposition au traitement de vos donn\u00e9es par nos soins et<br\/>Transf\u00e9rabilit\u00e9 des donn\u00e9es si vous avez consenti au traitement des donn\u00e9es ou si vous avez conclu un contrat avec nous.<\/p>\n\n<p>Si vous nous avez donn\u00e9 votre consentement, vous pouvez le r\u00e9voquer \u00e0 tout moment avec effet pour l&rsquo;avenir.<\/p>\n\n<p>Nous ne traitons vos donn\u00e9es personnelles qu&rsquo;aux fins mentionn\u00e9es dans la pr\u00e9sente d\u00e9claration de confidentialit\u00e9. Vos donn\u00e9es personnelles ne seront pas transmises \u00e0 des tiers \u00e0 des fins autres que celles mentionn\u00e9es. Nous ne transmettons vos donn\u00e9es personnelles \u00e0 des tiers que si :  <\/p>\n\n<p>vous avez donn\u00e9 votre consentement explicite \u00e0 cet effet,<br\/>le traitement est n\u00e9cessaire \u00e0 l&rsquo;ex\u00e9cution d&rsquo;un contrat avec vous,<br\/>le traitement est n\u00e9cessaire au respect d&rsquo;une obligation l\u00e9gale,<br\/>le traitement est n\u00e9cessaire \u00e0 la sauvegarde d&rsquo;int\u00e9r\u00eats l\u00e9gitimes et il n&rsquo;existe aucune raison de penser que vous avez un int\u00e9r\u00eat l\u00e9gitime pr\u00e9pond\u00e9rant<br\/>\u00e0 ce que vos donn\u00e9es ne soient pas divulgu\u00e9es.<br\/> <\/p>\n\n<p><strong>Suppression ou blocage des donn\u00e9es<\/strong><\/p>\n\n<p>Nous respectons les principes de pr\u00e9vention et de minimisation des donn\u00e9es. Nous ne conservons donc vos donn\u00e9es personnelles qu&rsquo;aussi longtemps que cela est n\u00e9cessaire pour atteindre les objectifs mentionn\u00e9s ici ou comme le pr\u00e9voient les multiples d\u00e9lais de conservation pr\u00e9vus par le l\u00e9gislateur. Apr\u00e8s la disparition de la finalit\u00e9 respective ou l&rsquo;expiration de ces d\u00e9lais, les donn\u00e9es correspondantes sont bloqu\u00e9es ou supprim\u00e9es de mani\u00e8re routini\u00e8re et conform\u00e9ment aux prescriptions l\u00e9gales.  <\/p>\n\n<p><strong>Collecte d&rsquo;informations g\u00e9n\u00e9rales lors de la visite de notre site web<\/strong><\/p>\n\n<p>Lorsque vous acc\u00e9dez \u00e0 notre site web, des informations de nature g\u00e9n\u00e9rale sont automatiquement collect\u00e9es au moyen d&rsquo;un cookie. Ces informations (fichiers journaux du serveur) comprennent par exemple le type de navigateur web, le syst\u00e8me d&rsquo;exploitation utilis\u00e9, le nom de domaine de votre fournisseur d&rsquo;acc\u00e8s Internet et d&rsquo;autres informations similaires. Il s&rsquo;agit exclusivement d&rsquo;informations qui ne permettent pas de vous identifier personnellement. Ces informations sont techniquement n\u00e9cessaires pour fournir correctement le contenu des pages web que vous avez demand\u00e9es et sont obligatoires lors de l&rsquo;utilisation d&rsquo;Internet. Elles sont notamment trait\u00e9es aux fins suivantes:I    <\/p>\n\n<p><strong>Collecte d&rsquo;informations g\u00e9n\u00e9rales lors de la visite de notre site web<\/strong><\/p>\n\n<p>Lorsque vous acc\u00e9dez \u00e0 notre site web, des informations de nature g\u00e9n\u00e9rale sont automatiquement collect\u00e9es au moyen d&rsquo;un cookie. Ces informations (fichiers journaux du serveur) comprennent par exemple le type de navigateur web, le syst\u00e8me d&rsquo;exploitation utilis\u00e9, le nom de domaine de votre fournisseur d&rsquo;acc\u00e8s Internet et d&rsquo;autres informations similaires. Il s&rsquo;agit exclusivement d&rsquo;informations qui ne permettent pas de vous identifier personnellement. Ces informations sont techniquement n\u00e9cessaires pour fournir correctement le contenu des pages web que vous avez demand\u00e9es et sont obligatoires lors de l&rsquo;utilisation d&rsquo;Internet. Elles sont notamment trait\u00e9es aux fins suivantes :    <\/p>\n\n<p>Assurer une connexion sans probl\u00e8me au site Web,<br\/>Assurer une utilisation sans probl\u00e8me de notre site Web,<br\/>\u00c9valuer la s\u00e9curit\u00e9 et la stabilit\u00e9 du syst\u00e8me et<br\/>\u00e0 d&rsquo;autres fins administratives.<\/p>\n\n<p>Le traitement de vos donn\u00e9es personnelles se fonde sur notre int\u00e9r\u00eat l\u00e9gitime d\u00e9coulant des objectifs de collecte de donn\u00e9es susmentionn\u00e9s. Nous n&rsquo;utilisons pas vos donn\u00e9es pour tirer des conclusions sur votre personne. Les destinataires des donn\u00e9es sont uniquement l&rsquo;entit\u00e9 responsable et, le cas \u00e9ch\u00e9ant, les sous-traitants. Les informations anonymes de ce type peuvent faire l&rsquo;objet d&rsquo;une analyse statistique de notre part afin d&rsquo;optimiser notre site Internet et la technologie qui le sous-tend.    <\/p>\n\n<p><strong>Cookies<\/strong><\/p>\n\n<p>Comme de nombreux autres sites web, nous utilisons des \u00ab\u00a0cookies\u00a0\u00bb. Les cookies sont de petits fichiers texte qui sont transf\u00e9r\u00e9s sur votre disque dur par le serveur d&rsquo;un site Web. Cela nous permet d&rsquo;obtenir automatiquement certaines donn\u00e9es telles que l&rsquo;adresse IP, le navigateur utilis\u00e9, le syst\u00e8me d&rsquo;exploitation et votre connexion \u00e0 Internet. Les cookies ne peuvent pas \u00eatre utilis\u00e9s pour lancer des programmes ou transmettre des virus \u00e0 un ordinateur. Les informations contenues dans les cookies nous permettent de faciliter votre navigation et de vous permettre d&rsquo;afficher correctement nos pages web. En aucun cas, les donn\u00e9es que nous collectons ne sont transmises \u00e0 des tiers ou mises en relation avec des donn\u00e9es personnelles sans votre consentement. Bien entendu, vous pouvez en principe consulter notre site web sans cookies. Les navigateurs Internet sont r\u00e9guli\u00e8rement configur\u00e9s pour accepter les cookies. En g\u00e9n\u00e9ral, vous pouvez \u00e0 tout moment d\u00e9sactiver l&rsquo;utilisation des cookies en modifiant les param\u00e8tres de votre navigateur.         Veuillez utiliser les fonctions d&rsquo;aide de votre navigateur Internet pour savoir comment modifier ces param\u00e8tres. Veuillez noter que certaines fonctionnalit\u00e9s de notre site peuvent ne pas fonctionner si vous avez d\u00e9sactiv\u00e9 l&rsquo;utilisation de cookies.<\/p>\n\n<p><strong>Chiffrement SSL<\/strong><\/p>\n\n<p>Afin de prot\u00e9ger la s\u00e9curit\u00e9 de vos donn\u00e9es lors de leur transmission, nous utilisons des proc\u00e9dures de cryptage conformes \u00e0 l&rsquo;\u00e9tat actuel de la technique (par ex. SSL) via HTTPS.<\/p>\n\n<p><strong>Formulaires en ligne<\/strong><\/p>\n\n<p>Si vous nous contactez par e-mail ou via le formulaire en ligne pour toute question, vous nous donnez votre accord volontaire pour que nous puissions vous contacter. Pour ce faire, il est n\u00e9cessaire de fournir au moins une adresse \u00e9lectronique valide. Celle-ci permet de classer la demande et d&rsquo;y r\u00e9pondre ensuite. D&rsquo;autres donn\u00e9es sont n\u00e9cessaires pour les demandes de conseil. Les informations que vous fournissez seront conserv\u00e9es dans le but de traiter votre demande et pour d&rsquo;\u00e9ventuelles questions de suivi.  <\/p>\n\n<p><strong>Modification de notre politique de confidentialit\u00e9<\/strong><\/p>\n\n<p>Nous nous r\u00e9servons le droit d&rsquo;adapter la pr\u00e9sente d\u00e9claration de protection des donn\u00e9es afin qu&rsquo;elle soit toujours conforme aux exigences l\u00e9gales actuelles ou afin de mettre en \u0153uvre les modifications de nos prestations dans la d\u00e9claration de protection des donn\u00e9es, par exemple lors de l&rsquo;introduction de nouveaux services. La nouvelle d\u00e9claration de confidentialit\u00e9 s&rsquo;appliquera alors \u00e0 votre nouvelle visite.<\/p>\n\n<p><strong>Des questions ?<\/strong><\/p>\n\n<p>Si vous avez des questions sur la protection des donn\u00e9es, veuillez nous envoyer un e-mail \u00e0 info@famiplus.ch.<\/p>\n","protected":false},"excerpt":{"rendered":"<p>D\u00e9claration de confidentialit\u00e9 En vertu de l&rsquo;article 13 de la Constitution f\u00e9d\u00e9rale suisse et des dispositions f\u00e9d\u00e9rales relatives \u00e0 la protection des donn\u00e9es (loi sur la protection des donn\u00e9es, LPD), toute personne a droit \u00e0 la protection de sa vie priv\u00e9e ainsi qu&rsquo;\u00e0 la protection contre l&rsquo;utilisation abusive de ses donn\u00e9es personnelles. L&rsquo;association vitamin B [&hellip;]<\/p>\n","protected":false},"author":1,"featured_media":0,"parent":0,"menu_order":0,"comment_status":"closed","ping_status":"open","template":"","meta":{"footnotes":""},"class_list":["post-7321","page","type-page","status-publish","hentry"],"_links":{"self":[{"href":"https:\/\/famiplus.ch\/fr\/wp-json\/wp\/v2\/pages\/7321","targetHints":{"allow":["GET"]}}],"collection":[{"href":"https:\/\/famiplus.ch\/fr\/wp-json\/wp\/v2\/pages"}],"about":[{"href":"https:\/\/famiplus.ch\/fr\/wp-json\/wp\/v2\/types\/page"}],"author":[{"embeddable":true,"href":"https:\/\/famiplus.ch\/fr\/wp-json\/wp\/v2\/users\/1"}],"replies":[{"embeddable":true,"href":"https:\/\/famiplus.ch\/fr\/wp-json\/wp\/v2\/comments?post=7321"}],"version-history":[{"count":2,"href":"https:\/\/famiplus.ch\/fr\/wp-json\/wp\/v2\/pages\/7321\/revisions"}],"predecessor-version":[{"id":7323,"href":"https:\/\/famiplus.ch\/fr\/wp-json\/wp\/v2\/pages\/7321\/revisions\/7323"}],"wp:attachment":[{"href":"https:\/\/famiplus.ch\/fr\/wp-json\/wp\/v2\/media?parent=7321"}],"curies":[{"name":"wp","href":"https:\/\/api.w.org\/{rel}","templated":true}]}}