{"id":7315,"date":"2023-11-06T06:22:00","date_gmt":"2023-11-06T06:22:00","guid":{"rendered":"https:\/\/test.famiplus.ch\/liens\/"},"modified":"2025-04-25T09:25:24","modified_gmt":"2025-04-25T09:25:24","slug":"liens","status":"publish","type":"page","link":"https:\/\/famiplus.ch\/fr\/liens\/","title":{"rendered":"Liens"},"content":{"rendered":"\t\t<div data-elementor-type=\"wp-page\" data-elementor-id=\"7315\" class=\"elementor elementor-7315 elementor-3365\">\n\t\t\t\t<div class=\"elementor-element elementor-element-e545b07 e-con-full qodef-elementor-content-grid e-flex e-con e-parent\" data-id=\"e545b07\" data-element_type=\"container\" data-e-type=\"container\">\n\t\t<div class=\"elementor-element elementor-element-7725708 e-con-full e-flex e-con e-child\" data-id=\"7725708\" data-element_type=\"container\" data-e-type=\"container\">\n\t\t\t\t<div class=\"elementor-element elementor-element-8260b02 elementor-widget__width-initial elementor-widget-tablet__width-inherit elementor-widget elementor-widget-toddlerplay_core_section_title\" data-id=\"8260b02\" data-element_type=\"widget\" data-e-type=\"widget\" data-widget_type=\"toddlerplay_core_section_title.default\">\n\t\t\t\t<div class=\"elementor-widget-container\">\n\t\t\t\t\t<div class=\"qodef-shortcode qodef-m  qodef-section-title qodef-alignment--left qodef-title-break--disabled  \">\n\t\t<h3 class=\"qodef-m-title\" >\n\t\t\t\t\tLiens utiles\t\t\t<\/h3>\n\t\t<\/div>\n\t\t\t\t<\/div>\n\t\t\t\t<\/div>\n\t\t\t\t<\/div>\n\t\t<div class=\"elementor-element elementor-element-9711974 e-con-full e-flex e-con e-child\" data-id=\"9711974\" data-element_type=\"container\" data-e-type=\"container\">\n\t\t\t\t<div class=\"elementor-element elementor-element-8ac40f6 elementor-widget__width-initial elementor-widget-tablet__width-initial elementor-widget elementor-widget-text-editor\" data-id=\"8ac40f6\" data-element_type=\"widget\" data-e-type=\"widget\" data-widget_type=\"text-editor.default\">\n\t\t\t\t<div class=\"elementor-widget-container\">\n\t\t\t\t\t\t\t\t\t<a style=\"color:#ff5b35;\" href=\"http:\/\/www.boursefamille.ch\">Bourse aux v\u00eatements FamiPlus<\/a>\n<br><a style=\"color:#ff5b35;\" href=\"https:\/\/www.biel-bienne.ch\/de\/kinder-jugendliche-familien.html\/411\">Ville de Bienne<\/a>\n<br><a style=\"color:#ff5b35;\" href=\"https:\/\/www.biel-bienne.ch\/fr\/antenne-biel-bienne-adressen.html\/1725\">Antenne Biel Bienne &#8211; Int\u00e9gration<\/a>\n<br><a style=\"color:#ff5b35;\" href=\"https:\/\/www.biel-bienne.ch\/fr\/infoquartier-centre.html\/341\">QuartierInfo Centre<\/a>\n<br><a style=\"color:#ff5b35;\" href=\"https:\/\/www.biel-bienne.ch\/de\/quartierinfo-madretsch.html\/339\">Info Quartier Madretsch<\/a>\n<br><a style=\"color:#ff5b35;\" href=\"https:\/\/www.biel-bienne.ch\/de\/quartierinfo-mett.html\/340\">Info Quartier de M\u00e2che<\/a>\n<br><a style=\"color:#ff5b35;\" href=\"https:\/\/www.biel-bienne.ch\/de\/quartierinfo-boezingen.html\/338\">Info Quartier Boujean<\/a>\n<br><a style=\"color:#ff5b35;\" href=\"http:\/\/www.mvb-be.ch\/\">Centre de pu\u00e9riculture du canton de Berne<\/a>\n<br><a style=\"color:#ff5b35;\" href=\"http:\/\/www.effe.ch\/\">effe &#8211; espace de formations formation d&rsquo;espaces<\/a>\n<br><a style=\"color:#ff5b35;\" href=\"http:\/\/www.elternbildung.ch\/\">F\u00e9d\u00e9ration suisse pour la formation des parents<\/a>\n<br><a style=\"color:#ff5b35;\" href=\"https:\/\/www.babysits.ch\/\">Babysits &#8211; Mise en relation avec des baby-sitters<\/a>\n<br><a style=\"color:#ff5b35;\" href=\"http:\/\/www.kinder-4.ch\/\">\u00c9ducation linguistique des jeunes enfants<\/a>\n<br><a style=\"color:#ff5b35;\" href=\"https:\/\/www.geisdesblitz.ch\/\">CD-Project GeisDesBlitz<\/a>\t\t\t\t\t\t\t\t<\/div>\n\t\t\t\t<\/div>\n\t\t\t\t<\/div>\n\t\t\t\t<\/div>\n\t\t\t\t<\/div>\n\t\t","protected":false},"excerpt":{"rendered":"<p>Liens utiles Bourse aux v\u00eatements FamiPlus Ville de Bienne Antenne Biel Bienne &#8211; Int\u00e9gration QuartierInfo Centre Info Quartier Madretsch Info Quartier de M\u00e2che Info Quartier Boujean Centre de pu\u00e9riculture du canton de Berne effe &#8211; espace de formations formation d&rsquo;espaces F\u00e9d\u00e9ration suisse pour la formation des parents Babysits &#8211; Mise en relation avec des baby-sitters [&hellip;]<\/p>\n","protected":false},"author":1,"featured_media":0,"parent":0,"menu_order":0,"comment_status":"closed","ping_status":"closed","template":"page-full-width.php","meta":{"footnotes":""},"class_list":["post-7315","page","type-page","status-publish","hentry"],"_links":{"self":[{"href":"https:\/\/famiplus.ch\/fr\/wp-json\/wp\/v2\/pages\/7315","targetHints":{"allow":["GET"]}}],"collection":[{"href":"https:\/\/famiplus.ch\/fr\/wp-json\/wp\/v2\/pages"}],"about":[{"href":"https:\/\/famiplus.ch\/fr\/wp-json\/wp\/v2\/types\/page"}],"author":[{"embeddable":true,"href":"https:\/\/famiplus.ch\/fr\/wp-json\/wp\/v2\/users\/1"}],"replies":[{"embeddable":true,"href":"https:\/\/famiplus.ch\/fr\/wp-json\/wp\/v2\/comments?post=7315"}],"version-history":[{"count":5,"href":"https:\/\/famiplus.ch\/fr\/wp-json\/wp\/v2\/pages\/7315\/revisions"}],"predecessor-version":[{"id":7583,"href":"https:\/\/famiplus.ch\/fr\/wp-json\/wp\/v2\/pages\/7315\/revisions\/7583"}],"wp:attachment":[{"href":"https:\/\/famiplus.ch\/fr\/wp-json\/wp\/v2\/media?parent=7315"}],"curies":[{"name":"wp","href":"https:\/\/api.w.org\/{rel}","templated":true}]}}