{"id":7309,"date":"2023-11-16T12:11:46","date_gmt":"2023-11-16T11:11:46","guid":{"rendered":"https:\/\/test.famiplus.ch\/contact\/"},"modified":"2025-04-23T12:14:14","modified_gmt":"2025-04-23T12:14:14","slug":"contact","status":"publish","type":"page","link":"https:\/\/famiplus.ch\/fr\/contact\/","title":{"rendered":"Contact"},"content":{"rendered":"\t\t<div data-elementor-type=\"wp-page\" data-elementor-id=\"7309\" class=\"elementor elementor-7309 elementor-1140\">\n\t\t\t\t<div class=\"elementor-element elementor-element-ed00fbc e-con-full e-flex e-con e-parent\" data-id=\"ed00fbc\" data-element_type=\"container\" data-e-type=\"container\">\n\t\t\t\t<div class=\"elementor-element elementor-element-c965a25 elementor-widget elementor-widget-toddlerplay_core_google_map\" data-id=\"c965a25\" data-element_type=\"widget\" data-e-type=\"widget\" data-widget_type=\"toddlerplay_core_google_map.default\">\n\t\t\t\t<div class=\"elementor-widget-container\">\n\t\t\t\t\t<div class=\"qodef-shortcode qodef-m  qodef-google-map\">\n\t<div class=\"qodef-m-map\" id=\"qodef-map-id--776\" data-addresses='[\"New York\"]' data-pin=https:\/\/famiplus.ch\/wp-content\/plugins\/toddlerplay-core\/inc\/maps\/assets\/img\/pin.png data-unique-id=776 data-height=680><\/div>\n<\/div>\n\t\t\t\t<\/div>\n\t\t\t\t<\/div>\n\t\t\t\t<\/div>\n\t\t<div class=\"elementor-element elementor-element-0ce9c4b e-con-full qodef-elementor-content-grid e-flex e-con e-parent\" data-id=\"0ce9c4b\" data-element_type=\"container\" data-e-type=\"container\">\n\t\t<div class=\"elementor-element elementor-element-aaac774 e-con-full e-flex e-con e-child\" data-id=\"aaac774\" data-element_type=\"container\" data-e-type=\"container\">\n\t\t\t\t<div class=\"elementor-element elementor-element-d650744 elementor-widget elementor-widget-wp-widget-toddlerplay_core_contact_form_7\" data-id=\"d650744\" data-element_type=\"widget\" data-e-type=\"widget\" data-widget_type=\"wp-widget-toddlerplay_core_contact_form_7.default\">\n\t\t\t\t<div class=\"elementor-widget-container\">\n\t\t\t\t\t\t\t\t\t\t\t<div class=\"qodef-contact-form-7 qodef-m  \">\n\t\t\t\t\t\t\t\t\t\t\t\t\t\t<h2 class=\"qodef-m-title\">\t\t\t\t\tFormulaire de contact\t\t\t\t\t<\/h2>\t\t\t\t\t\t\t\t\t\t\t\t\t<p class=\"qodef-m-tagline\">\n\t\t\t\t\t\tLe bureau est ouvert :\r\nmardi et vendredi de 09.00 - 11.30 heures\t\t\t\t\t<\/p>\n\t\t\t\t\t\t\t\t\t\t\t\t\t\n<div class=\"wpcf7 no-js\" id=\"wpcf7-f7390-o1\" lang=\"de-DE\" dir=\"ltr\" data-wpcf7-id=\"7390\">\n<div class=\"screen-reader-response\"><p role=\"status\" aria-live=\"polite\" aria-atomic=\"true\"><\/p> <ul><\/ul><\/div>\n<form action=\"\/fr\/wp-json\/wp\/v2\/pages\/7309#wpcf7-f7390-o1\" method=\"post\" class=\"wpcf7-form init\" aria-label=\"Kontaktformular\" novalidate=\"novalidate\" data-status=\"init\">\n<fieldset class=\"hidden-fields-container\"><input type=\"hidden\" name=\"_wpcf7\" value=\"7390\" \/><input type=\"hidden\" name=\"_wpcf7_version\" value=\"6.1.5\" \/><input type=\"hidden\" name=\"_wpcf7_locale\" value=\"de_DE\" \/><input type=\"hidden\" name=\"_wpcf7_unit_tag\" value=\"wpcf7-f7390-o1\" \/><input type=\"hidden\" name=\"_wpcf7_container_post\" value=\"0\" \/><input type=\"hidden\" name=\"_wpcf7_posted_data_hash\" value=\"\" \/>\n<\/fieldset>\n<span class=\"wpcf7-form-control-wrap\" data-name=\"full-name\"><input size=\"40\" maxlength=\"400\" class=\"wpcf7-form-control wpcf7-text wpcf7-validates-as-required\" aria-required=\"true\" aria-invalid=\"false\" placeholder=\"Nom*\" value=\"\" type=\"text\" name=\"full-name\" \/><\/span>\n\n<span class=\"wpcf7-form-control-wrap\" data-name=\"phone-number\"><input size=\"40\" maxlength=\"400\" class=\"wpcf7-form-control wpcf7-tel wpcf7-validates-as-required wpcf7-text wpcf7-validates-as-tel\" aria-required=\"true\" aria-invalid=\"false\" placeholder=\"Num\u00e9ro de t\u00e9l\u00e9phone*\" value=\"\" type=\"tel\" name=\"phone-number\" \/><\/span>\n\n<span class=\"wpcf7-form-control-wrap\" data-name=\"email\"><input size=\"40\" maxlength=\"400\" class=\"wpcf7-form-control wpcf7-email wpcf7-validates-as-required wpcf7-text wpcf7-validates-as-email\" aria-required=\"true\" aria-invalid=\"false\" placeholder=\"Email*\" value=\"\" type=\"email\" name=\"email\" \/><\/span>\n\n<span class=\"wpcf7-form-control-wrap\" data-name=\"message\"><textarea cols=\"40\" rows=\"5\" maxlength=\"2000\" class=\"wpcf7-form-control wpcf7-textarea wpcf7-validates-as-required\" aria-required=\"true\" aria-invalid=\"false\" name=\"message\">Votre message pour nous<\/textarea><\/span>\n<div class=\"wpcf7-turnstile cf-turnstile\" data-sitekey=\"0x4AAAAAACqXZw1Hu3ZLKlW5\" data-response-field-name=\"_wpcf7_turnstile_response\"><\/div>\n<button class=\"wpcf7-form-control wpcf7-submit qodef-button qodef-layout--rounded qodef-m qodef-m-button\" type=\"submit\"><span class=\"qodef-m-text\">Envoyer<\/span><span class=\"qodef-m-arrow\"><svg class=\"qodef-svg--button-arrow\" width=\"11.443\" height=\"9.152\" viewBox=\"0 0 11.443 9.152\"><path d=\"m6.16234 5.684316 3.23098.308932-1.52204 1.177864a6.63399653 6.63399653 0 0 0-1.52197 1.178862c.03738.532932 1.63418.420932 2.132726-.14959-.03738-.532932.495552-.570312 1.028484-.607692s1.55942-.644932 1.52204-1.177864c.495552-.570312.458172-1.103244-2.393528-3.583A23.65568513 23.65568513 0 0 0 5.251476.39066c-1.066862.07483-.954862 1.67163.723824 2.627l1.178862 1.52197c-13.903312.44364-2.595608 1.257176-.991822 1.144686Z\" \/><\/svg><\/span><span class=\"qodef-m-circle\"><svg class=\"qodef-svg--button-circle\" width=\"184.059\" height=\"50\" viewBox=\"0 0 184.059 50\" preserveAspectRatio=\"none\"><path d=\"M128.5 46.4c-5.4 1.7-41.2 3.8-91-1.4-8.6-.9-39-8-37.4-15.8 2-10 20.6-18 29.8-20.5 72.6-19.3 143.2-1.4 148 10.8 6.9 17.9-28.3 27-38 29.2\"\/><path d=\"M154.7 39.4C145.4 42 107.5 56.3 35 41.9 26.2 40.2-2.3 32.4.2 23.1c2.6-9.4 22-16 31.5-18 74.9-14.5 145.8 6.5 149.9 18.4 6.1 17.5-73 38-152.9 13.8\"\/><\/svg><\/span><\/button><div class=\"wpcf7-response-output\" aria-hidden=\"true\"><\/div>\n<\/form>\n<\/div>\n\t\t\t\t\t\t\t<\/div>\n\t\t\t\t\t\t\t<\/div>\n\t\t\t\t<\/div>\n\t\t\t\t<div class=\"elementor-element elementor-element-e967f4d elementor-widget elementor-widget-text-editor\" data-id=\"e967f4d\" data-element_type=\"widget\" data-e-type=\"widget\" data-widget_type=\"text-editor.default\">\n\t\t\t\t<div class=\"elementor-widget-container\">\n\t\t\t\t\t\t\t\t\t<h2>Heures d&rsquo;ouverture<\/h2><p>Lundi : 15:00 -17:00<br \/>Mardi \u00e0 vendredi : 09:00 &#8211; 11:00<br \/>Jeudi Groupe d&rsquo;\u00e9veil : 09:00 &#8211; 11:00<br \/>Bureau mardi &amp; vendredi : 09:00 &#8211; 11:30<\/p>\t\t\t\t\t\t\t\t<\/div>\n\t\t\t\t<\/div>\n\t\t\t\t<\/div>\n\t\t<div class=\"elementor-element elementor-element-350f472 e-con-full e-flex e-con e-child\" data-id=\"350f472\" data-element_type=\"container\" data-e-type=\"container\" data-settings=\"{&quot;background_background&quot;:&quot;classic&quot;}\">\n\t\t\t\t<div class=\"elementor-element elementor-element-3e659da elementor-widget elementor-widget-google_maps\" data-id=\"3e659da\" data-element_type=\"widget\" data-e-type=\"widget\" data-widget_type=\"google_maps.default\">\n\t\t\t\t<div class=\"elementor-widget-container\">\n\t\t\t\t\t\t\t<div class=\"elementor-custom-embed\">\n\t\t\t<iframe loading=\"lazy\"\n\t\t\t\t\tsrc=\"https:\/\/maps.google.com\/maps?q=FamiPlus%2C%20Unterer%20Quai%201%20B%202502%20Biel%2FBienne&#038;t=m&#038;z=15&#038;output=embed&#038;iwloc=near\"\n\t\t\t\t\ttitle=\"FamiPlus, Unterer Quai 1 B 2502 Biel\/Bienne\"\n\t\t\t\t\taria-label=\"FamiPlus, Unterer Quai 1 B 2502 Biel\/Bienne\"\n\t\t\t><\/iframe>\n\t\t<\/div>\n\t\t\t\t\t\t<\/div>\n\t\t\t\t<\/div>\n\t\t\t\t<\/div>\n\t\t\t\t<\/div>\n\t\t\t\t<\/div>\n\t\t","protected":false},"excerpt":{"rendered":"<p>Heures d&rsquo;ouverture Lundi : 15:00 -17:00Mardi \u00e0 vendredi : 09:00 &#8211; 11:00Jeudi Groupe d&rsquo;\u00e9veil : 09:00 &#8211; 11:00Bureau mardi &amp; vendredi : 09:00 &#8211; 11:30<\/p>\n","protected":false},"author":1,"featured_media":0,"parent":0,"menu_order":0,"comment_status":"closed","ping_status":"closed","template":"page-full-width.php","meta":{"footnotes":""},"class_list":["post-7309","page","type-page","status-publish","hentry"],"_links":{"self":[{"href":"https:\/\/famiplus.ch\/fr\/wp-json\/wp\/v2\/pages\/7309","targetHints":{"allow":["GET"]}}],"collection":[{"href":"https:\/\/famiplus.ch\/fr\/wp-json\/wp\/v2\/pages"}],"about":[{"href":"https:\/\/famiplus.ch\/fr\/wp-json\/wp\/v2\/types\/page"}],"author":[{"embeddable":true,"href":"https:\/\/famiplus.ch\/fr\/wp-json\/wp\/v2\/users\/1"}],"replies":[{"embeddable":true,"href":"https:\/\/famiplus.ch\/fr\/wp-json\/wp\/v2\/comments?post=7309"}],"version-history":[{"count":8,"href":"https:\/\/famiplus.ch\/fr\/wp-json\/wp\/v2\/pages\/7309\/revisions"}],"predecessor-version":[{"id":7440,"href":"https:\/\/famiplus.ch\/fr\/wp-json\/wp\/v2\/pages\/7309\/revisions\/7440"}],"wp:attachment":[{"href":"https:\/\/famiplus.ch\/fr\/wp-json\/wp\/v2\/media?parent=7309"}],"curies":[{"name":"wp","href":"https:\/\/api.w.org\/{rel}","templated":true}]}}