{"id":7303,"date":"2025-04-08T19:51:22","date_gmt":"2025-04-08T17:51:22","guid":{"rendered":"https:\/\/test.famiplus.ch\/portrait\/"},"modified":"2026-03-22T19:29:11","modified_gmt":"2026-03-22T18:29:11","slug":"portrait","status":"publish","type":"page","link":"https:\/\/famiplus.ch\/fr\/portrait\/","title":{"rendered":"Portrait"},"content":{"rendered":"\t\t<div data-elementor-type=\"wp-page\" data-elementor-id=\"7303\" class=\"elementor elementor-7303 elementor-6990\">\n\t\t\t\t<div class=\"elementor-element elementor-element-1e79de91 e-flex e-con-boxed e-con e-parent\" data-id=\"1e79de91\" data-element_type=\"container\" data-e-type=\"container\">\n\t\t\t\t\t<div class=\"e-con-inner\">\n\t\t\t\t<div class=\"elementor-element elementor-element-a5d2faf elementor-widget elementor-widget-text-editor\" data-id=\"a5d2faf\" data-element_type=\"widget\" data-e-type=\"widget\" data-widget_type=\"text-editor.default\">\n\t\t\t\t<div class=\"elementor-widget-container\">\n\t\t\t\t\t\t\t\t\t<h2 class=\"wp-block-heading\">Qu&rsquo;offre FamiPlus ?<\/h2><ul class=\"wp-block-list\"><li>un lieu de rencontre multilingue et ouvert avec caf\u00e9t\u00e9ria pour les familles avec de jeunes enfants<\/li><li>Une salle de jeux avec des animations pour les enfants<\/li><li>des lieux de travail o\u00f9 les m\u00e8res peuvent s&rsquo;engager et ainsi d\u00e9velopper leurs comp\u00e9tences<\/li><li>Une plate-forme d&rsquo;information avec des offres pour les familles<\/li><li>Un groupe d&rsquo;\u00e9veil (enfants de 0 \u00e0 2 ans)<\/li><li>Groupes parents-enfants en langue d&rsquo;origine<\/li><li>Bourse aux habits d&rsquo;enfants<\/li><li>Table midi en famille<\/li><li>Programme des vacances<\/li><li>Ateliers cr\u00e9atifs<\/li><li>Diff\u00e9rents \u00e9v\u00e9nements et offres pour les enfants et les parents<\/li><\/ul><h2 class=\"wp-block-heading\">Votre lieu de rencontre ouvert<\/h2><p>FamiPlus est un lieu de rencontre multilingue et ouvert aux familles avec des enfants d&rsquo;\u00e2ge pr\u00e9scolaire. C&rsquo;est un lieu de rencontre, qui ouvre la voie \u00e0 de nouveaux contacts et offre aux jeunes enfants beaucoup d&rsquo;espace pour jouer dans un environnement stimulant. Vous pouvez simplement passer pendant nos heures d&rsquo;ouverture, aucune inscription n&rsquo;est n\u00e9cessaire.<\/p><p>Pour plus d&rsquo;informations sur FamiPlus et les activit\u00e9s de l&rsquo;ann\u00e9e derni\u00e8re, vous pouvez \u00e9galement consulter notre rapport annuel.<\/p><p><a href=\"https:\/\/famiplus.ch\/wp-content\/uploads\/2026\/03\/FAM-JB-2025-Web.pdf\"><span style=\"color: #ff0000;\"><strong>T\u00e9l\u00e9charger le rapport annuel 2025<\/strong><\/span><\/a><\/p><h2 class=\"wp-block-heading\">Votre tremplin pour de nouvelles comp\u00e9tences<\/h2><p>FamiPlus offre en outre une structure dans laquelle vous pouvez collaborer. Vous apportez vos id\u00e9es, vos comp\u00e9tences et vos talents, vous les d\u00e9veloppez et vous b\u00e9n\u00e9ficiez de la reconnaissance et de la solidarit\u00e9.<\/p><ul class=\"wp-block-list\"><li>Le travail effectu\u00e9 au sein de FamiPlus est modestement r\u00e9mun\u00e9r\u00e9.<\/li><li>FamiPlus peut \u00eatre un tremplin pour le retour \u00e0 la vie professionnelle de nombreuses femmes.<\/li><li>Enfin, et surtout : Les m\u00e8res trouvent dans FamiPlus une alternative \u00e0 la triple charge enfant-m\u00e9nage-travail et \u00e0 l&rsquo;isolement en tant que m\u00e8re de famille.<\/li><\/ul>\t\t\t\t\t\t\t\t<\/div>\n\t\t\t\t<\/div>\n\t\t\t\t\t<\/div>\n\t\t\t\t<\/div>\n\t\t\t\t<\/div>\n\t\t","protected":false},"excerpt":{"rendered":"<p>Qu&rsquo;offre FamiPlus ? un lieu de rencontre multilingue et ouvert avec caf\u00e9t\u00e9ria pour les familles avec de jeunes enfants Une salle de jeux avec des animations pour les enfants des lieux de travail o\u00f9 les m\u00e8res peuvent s&rsquo;engager et ainsi d\u00e9velopper leurs comp\u00e9tences Une plate-forme d&rsquo;information avec des offres pour les familles Un groupe d&rsquo;\u00e9veil [&hellip;]<\/p>\n","protected":false},"author":1,"featured_media":0,"parent":0,"menu_order":0,"comment_status":"closed","ping_status":"closed","template":"","meta":{"footnotes":""},"class_list":["post-7303","page","type-page","status-publish","hentry"],"_links":{"self":[{"href":"https:\/\/famiplus.ch\/fr\/wp-json\/wp\/v2\/pages\/7303","targetHints":{"allow":["GET"]}}],"collection":[{"href":"https:\/\/famiplus.ch\/fr\/wp-json\/wp\/v2\/pages"}],"about":[{"href":"https:\/\/famiplus.ch\/fr\/wp-json\/wp\/v2\/types\/page"}],"author":[{"embeddable":true,"href":"https:\/\/famiplus.ch\/fr\/wp-json\/wp\/v2\/users\/1"}],"replies":[{"embeddable":true,"href":"https:\/\/famiplus.ch\/fr\/wp-json\/wp\/v2\/comments?post=7303"}],"version-history":[{"count":9,"href":"https:\/\/famiplus.ch\/fr\/wp-json\/wp\/v2\/pages\/7303\/revisions"}],"predecessor-version":[{"id":8770,"href":"https:\/\/famiplus.ch\/fr\/wp-json\/wp\/v2\/pages\/7303\/revisions\/8770"}],"wp:attachment":[{"href":"https:\/\/famiplus.ch\/fr\/wp-json\/wp\/v2\/media?parent=7303"}],"curies":[{"name":"wp","href":"https:\/\/api.w.org\/{rel}","templated":true}]}}