{"id":7299,"date":"2025-04-08T19:55:34","date_gmt":"2025-04-08T17:55:34","guid":{"rendered":"https:\/\/test.famiplus.ch\/adhesion\/"},"modified":"2026-03-25T13:46:56","modified_gmt":"2026-03-25T12:46:56","slug":"adhesion","status":"publish","type":"page","link":"https:\/\/famiplus.ch\/fr\/adhesion\/","title":{"rendered":"Adh\u00e9sion"},"content":{"rendered":"\t\t<div data-elementor-type=\"wp-page\" data-elementor-id=\"7299\" class=\"elementor elementor-7299 elementor-6995\">\n\t\t\t\t<div class=\"elementor-element elementor-element-6ffe1b19 e-flex e-con-boxed e-con e-parent\" data-id=\"6ffe1b19\" data-element_type=\"container\" data-e-type=\"container\">\n\t\t\t\t\t<div class=\"e-con-inner\">\n\t\t\t\t<div class=\"elementor-element elementor-element-1eac4c6c elementor-widget elementor-widget-text-editor\" data-id=\"1eac4c6c\" data-element_type=\"widget\" data-e-type=\"widget\" data-widget_type=\"text-editor.default\">\n\t\t\t\t<div class=\"elementor-widget-container\">\n\t\t\t\t\t\t\t\t\t<h1 class=\"wp-block-heading\">Adh\u00e9sion<\/h1><p>Vous pouvez devenir membre de FamiPlus \u00e0 tout moment. Vous recevrez alors 2 fois par an un courrier de notre part : notre programme ainsi que le rapport annuel avec l&rsquo;invitation \u00e0 l&rsquo;assembl\u00e9e g\u00e9n\u00e9rale annuelle.<\/p><p>Vous voulez offrir quelque chose de g\u00e9nial \u00e0 une amie, \u00e0 votre fille, \u00e0 votre belle-fille ou \u00e0 votre voisin ? En devenant membre de FamiPlus, ils permettent \u00e0 une jeune famille de rencontrer FamiPlus et de nouvelles personnes et de trouver de nouveaux horizons.<\/p><h2 class=\"wp-block-heading\">Contributions<\/h2><ul class=\"wp-block-list\"><li>Famille : Fr. 60.&#8211;<\/li><\/ul><p>A verser sur le <strong>compte CCP CH78 0900 0000 2500 4505 1<\/strong><\/p><p>Merci d&rsquo;avance !<\/p><h2 class=\"wp-block-heading\">Avantages pour les membres de l&rsquo;association FamiPlus<\/h2><p>Le centre de rencontre pour familles FamiPlus est soutenu par l&rsquo;association \u00e0 but non lucratif FamiPlus. L&rsquo;adh\u00e9sion vous permet<\/p><ul class=\"wp-block-list\"><li>de venir \u00e0 FamiPlus avec leurs enfants pendant les heures d&rsquo;ouverture, quand et aussi souvent qu&rsquo;ils le souhaitent ;<\/li><li>de profiter de notre caf\u00e9-rencontre pour rencontrer d&rsquo;autres parents (une de nos collaboratrices vous servira) et faire garder leurs enfants par deux autres collaboratrices dans la nurserie Les enfants peuvent participer :<br \/><ul class=\"wp-block-list\"><li>jouer avec d&rsquo;autres enfants dans la chambre d&rsquo;enfant<\/li><li>r\u00e9aliser un bricolage et l&#8217;emporter chez eux,<\/li><li>participer \u00e0 une animation pour les jeunes enfants<\/li><li>manger des fruits\/l\u00e9gumes d\u00e9licieux gratuitement.<\/li><li>profiter de notre grand jardin avec des jouets en \u00e9t\u00e9 ;<\/li><li>participer au groupe d&rsquo;\u00e9veil pour les enfants de 0 \u00e0 18 mois ;<\/li><\/ul><\/li><li>de participer \u00e0 l&rsquo;un des groupes de jeu en langue \u00e9trang\u00e8re s&rsquo;il correspond \u00e0 leur langue maternelle ;<\/li><li>d&rsquo;inscrire leur enfant \u00e0 un Atelier Cr\u00e9atif \u00e0 un prix r\u00e9duit ;<\/li><li>Obtenir des informations sur la garde d&rsquo;enfants, les loisirs pour enfants et les cours \u00e0 Bienne ;<\/li><li>de louer nos salles \u00e0 un prix r\u00e9duit le week-end.<\/li><li>de participer \u00e0 notre assembl\u00e9e g\u00e9n\u00e9rale avec droit de vote.<\/li><\/ul>\t\t\t\t\t\t\t\t<\/div>\n\t\t\t\t<\/div>\n\t\t\t\t\t<\/div>\n\t\t\t\t<\/div>\n\t\t\t\t<\/div>\n\t\t","protected":false},"excerpt":{"rendered":"<p>Adh\u00e9sion Vous pouvez devenir membre de FamiPlus \u00e0 tout moment. Vous recevrez alors 2 fois par an un courrier de notre part : notre programme ainsi que le rapport annuel avec l&rsquo;invitation \u00e0 l&rsquo;assembl\u00e9e g\u00e9n\u00e9rale annuelle. Vous voulez offrir quelque chose de g\u00e9nial \u00e0 une amie, \u00e0 votre fille, \u00e0 votre belle-fille ou \u00e0 votre [&hellip;]<\/p>\n","protected":false},"author":1,"featured_media":0,"parent":0,"menu_order":0,"comment_status":"closed","ping_status":"closed","template":"","meta":{"footnotes":""},"class_list":["post-7299","page","type-page","status-publish","hentry"],"_links":{"self":[{"href":"https:\/\/famiplus.ch\/fr\/wp-json\/wp\/v2\/pages\/7299","targetHints":{"allow":["GET"]}}],"collection":[{"href":"https:\/\/famiplus.ch\/fr\/wp-json\/wp\/v2\/pages"}],"about":[{"href":"https:\/\/famiplus.ch\/fr\/wp-json\/wp\/v2\/types\/page"}],"author":[{"embeddable":true,"href":"https:\/\/famiplus.ch\/fr\/wp-json\/wp\/v2\/users\/1"}],"replies":[{"embeddable":true,"href":"https:\/\/famiplus.ch\/fr\/wp-json\/wp\/v2\/comments?post=7299"}],"version-history":[{"count":6,"href":"https:\/\/famiplus.ch\/fr\/wp-json\/wp\/v2\/pages\/7299\/revisions"}],"predecessor-version":[{"id":8789,"href":"https:\/\/famiplus.ch\/fr\/wp-json\/wp\/v2\/pages\/7299\/revisions\/8789"}],"wp:attachment":[{"href":"https:\/\/famiplus.ch\/fr\/wp-json\/wp\/v2\/media?parent=7299"}],"curies":[{"name":"wp","href":"https:\/\/api.w.org\/{rel}","templated":true}]}}