{"id":7297,"date":"2025-04-02T14:08:59","date_gmt":"2025-04-02T12:08:59","guid":{"rendered":"https:\/\/test.famiplus.ch\/emplois\/"},"modified":"2026-05-05T15:25:38","modified_gmt":"2026-05-05T13:25:38","slug":"emplois","status":"publish","type":"page","link":"https:\/\/famiplus.ch\/fr\/emplois\/","title":{"rendered":"Emplois"},"content":{"rendered":"\t\t<div data-elementor-type=\"wp-page\" data-elementor-id=\"7297\" class=\"elementor elementor-7297 elementor-6956\">\n\t\t\t\t<div class=\"elementor-element elementor-element-e545b07 e-con-full qodef-elementor-content-grid elementor-hidden-desktop elementor-hidden-tablet elementor-hidden-mobile e-flex e-con e-parent\" data-id=\"e545b07\" data-element_type=\"container\" data-e-type=\"container\">\n\t\t<div class=\"elementor-element elementor-element-7725708 e-con-full e-flex e-con e-child\" data-id=\"7725708\" data-element_type=\"container\" data-e-type=\"container\">\n\t\t\t\t<div class=\"elementor-element elementor-element-8260b02 elementor-widget__width-initial elementor-widget-tablet__width-inherit elementor-widget elementor-widget-toddlerplay_core_section_title\" data-id=\"8260b02\" data-element_type=\"widget\" data-e-type=\"widget\" data-widget_type=\"toddlerplay_core_section_title.default\">\n\t\t\t\t<div class=\"elementor-widget-container\">\n\t\t\t\t\t<div class=\"qodef-shortcode qodef-m  qodef-section-title qodef-alignment--left qodef-title-break--disabled  \">\n\t\t<h3 class=\"qodef-m-title\" >\n\t\t\t\t\tResponsable p\u00e9dagogique\t\t\t<\/h3>\n\t\t<\/div>\n\t\t\t\t<\/div>\n\t\t\t\t<\/div>\n\t\t\t\t<\/div>\n\t\t<div class=\"elementor-element elementor-element-9711974 e-con-full e-flex e-con e-child\" data-id=\"9711974\" data-element_type=\"container\" data-e-type=\"container\">\n\t\t\t\t<div class=\"elementor-element elementor-element-8ac40f6 elementor-widget__width-initial elementor-widget-tablet__width-initial elementor-widget elementor-widget-text-editor\" data-id=\"8ac40f6\" data-element_type=\"widget\" data-e-type=\"widget\" data-widget_type=\"text-editor.default\">\n\t\t\t\t<div class=\"elementor-widget-container\">\n\t\t\t\t\t\t\t\t\t<p>Vous \u00eates cordialement invit\u00e9\u00b7e \u00e0 postuler pour cette t\u00e2che passionnante et responsable.<\/p><p><strong>Vos t\u00e2ches :<\/strong><\/p><ul><li>Direction p\u00e9dagogique des activit\u00e9s au sein de FamiPlus<\/li><li>Encadrement des collaboratrices dans la salle de jeux<\/li><li>Poursuite et d\u00e9veloppement des offres pour les parents et les enfants<\/li><li>Planification et coordination de projets et d\u2019\u00e9v\u00e9nements<\/li><li>\u00c9change et collaboration avec les parents, les services sp\u00e9cialis\u00e9s et l\u2019\u00e9quipe<\/li><\/ul><p><strong>Votre profil :<\/strong><\/p><ul><li>Formation p\u00e9dagogique ou exp\u00e9rience \u00e9quivalente (responsable de groupes de jeu, \u00e9ducateur\u00b7rice de la petite enfance, etc.)<\/li><li>Plaisir \u00e0 travailler avec des familles et des enfants d\u2019\u00e2ge pr\u00e9scolaire<\/li><li>De langue allemande ou fran\u00e7aise avec de bonnes connaissances de l&rsquo;autre langue<\/li><li>Attitude ouverte, chaleureuse et orient\u00e9e \u00e9quipe<\/li><li>Exp\u00e9rience dans la gestion d&rsquo;une \u00e9quipe serait un atout<\/li><li>Travail autonome et structur\u00e9<\/li><\/ul><p><strong>Nous offrons :<\/strong><\/p><ul><li>Libert\u00e9 de cr\u00e9ation et co-responsabilit\u00e9 au centre<\/li><li>\u00c9quipe engag\u00e9e et valorisante<\/li><li>Horaires flexibles<\/li><\/ul><p><strong>Temps de travail :<\/strong> 20\u202f% (9 h par semaine, hors vacances scolaires)<\/p><p><strong>Entr\u00e9e en fonction :<\/strong> 01.03.2026<\/p><p>Si vous \u00eates int\u00e9ress\u00e9\u00b7e ou souhaitez plus d\u2019informations, contactez Marion Weick et envoyez votre candidature \u00e0 : <strong>marion.weick@famiplus.ch<\/strong><\/p><p>Nous nous r\u00e9jouissons que vous participiez \u00e0 la vie et au d\u00e9veloppement de FamiPlus\u00a0!<\/p>\t\t\t\t\t\t\t\t<\/div>\n\t\t\t\t<\/div>\n\t\t\t\t<\/div>\n\t\t\t\t<\/div>\n\t\t<div class=\"elementor-element elementor-element-7223893 e-con-full qodef-elementor-content-grid elementor-hidden-desktop elementor-hidden-tablet elementor-hidden-mobile e-flex e-con e-parent\" data-id=\"7223893\" data-element_type=\"container\" data-e-type=\"container\">\n\t\t<div class=\"elementor-element elementor-element-9472ac3 e-con-full e-flex e-con e-child\" data-id=\"9472ac3\" data-element_type=\"container\" data-e-type=\"container\">\n\t\t\t\t<div class=\"elementor-element elementor-element-80c15cc elementor-widget__width-initial elementor-widget-tablet__width-inherit elementor-widget elementor-widget-toddlerplay_core_section_title\" data-id=\"80c15cc\" data-element_type=\"widget\" data-e-type=\"widget\" data-widget_type=\"toddlerplay_core_section_title.default\">\n\t\t\t\t<div class=\"elementor-widget-container\">\n\t\t\t\t\t<div class=\"qodef-shortcode qodef-m  qodef-section-title qodef-alignment--left qodef-title-break--disabled  \">\n\t\t<h3 class=\"qodef-m-title\" >\n\t\t\t\t\tResponsable de rubrique pour notre<br \/> caf\u00e9\t\t\t<\/h3>\n\t\t<\/div>\n\t\t\t\t<\/div>\n\t\t\t\t<\/div>\n\t\t\t\t<\/div>\n\t\t<div class=\"elementor-element elementor-element-19a8fe1 e-con-full e-flex e-con e-child\" data-id=\"19a8fe1\" data-element_type=\"container\" data-e-type=\"container\">\n\t\t\t\t<div class=\"elementor-element elementor-element-d24d669 elementor-widget__width-initial elementor-widget-tablet__width-initial elementor-widget elementor-widget-text-editor\" data-id=\"d24d669\" data-element_type=\"widget\" data-e-type=\"widget\" data-widget_type=\"text-editor.default\">\n\t\t\t\t<div class=\"elementor-widget-container\">\n\t\t\t\t\t\t\t\t\t<p>Nous sommes un centre de rencontre familial ouvert \u00e0 Bienne, multilingue et multiculturel, dont l&rsquo;objectif est de promouvoir et de soutenir l&rsquo;int\u00e9gration des enfants en \u00e2ge pr\u00e9scolaire.<\/p><p><strong>Ce que nous attendons de vous :<\/strong><\/p><ul><li>Cr\u00e9er une atmosph\u00e8re agr\u00e9able pour les visiteurs avec leurs enfants.<\/li><li>Assurer le respect des r\u00e8gles d&rsquo;hygi\u00e8ne et l&rsquo;ordre dans le caf\u00e9<\/li><li>Acheter de mani\u00e8re autonome les denr\u00e9es alimentaires n\u00e9cessaires \u00e0 la gestion du caf\u00e9.<\/li><li>Collaboration avec les autres responsables de d\u00e9partement et les collaboratrices.<\/li><li>Participation \u00e0 la r\u00e9union mensuelle de l&rsquo;entreprise et des chefs de service<\/li><\/ul><p><strong>Les t\u00e2ches :<\/strong><\/p><ul><li>Responsable de la nourriture (achat) et de l&rsquo;hygi\u00e8ne du caf\u00e9 ;<\/li><li>Responsable des employ\u00e9es du caf\u00e9 ;<\/li><li>Contr\u00f4le des recettes, des d\u00e9penses et gestion de la tr\u00e9sorerie ;<\/li><li>Permettre des offres attractives pour les visiteurs du caf\u00e9<\/li><\/ul><p><strong>Vos comp\u00e9tences :<\/strong><\/p><ul><li>prendre des d\u00e9cisions dans le sens du d\u00e9veloppement de FamiPlus.<\/li><li>Talent d&rsquo;organisation et de planification<\/li><li>Si possible bilingue (allemand-fran\u00e7ais).<\/li><li>Personnalit\u00e9 ouverte et communicative.<\/li><li>Capable de g\u00e9rer des situations stressantes et de diriger une \u00e9quipe.<\/li><li>Exp\u00e9rience dans la restauration, le secteur alimentaire est un atout.<\/li><\/ul><p><strong>Nous offrons :<\/strong><\/p><ul><li>Un travail attrayant au sein d&rsquo;une \u00e9quipe motiv\u00e9e, possibilit\u00e9 d&rsquo;amener ses propres enfants.<\/li><li>Le temps de travail est de 3 heures par semaine.<\/li><li>Formation interne offerte<\/li><\/ul><p>Vous \u00eates int\u00e9ress\u00e9(e) ? Envoyez-nous votre CV \u00e0 l&rsquo;adresse suivante <\/p><p>FamiPlus, Quai du Bas 1b, 2502 Bienne ; info@famiplus.ch<\/p>\t\t\t\t\t\t\t\t<\/div>\n\t\t\t\t<\/div>\n\t\t\t\t<\/div>\n\t\t\t\t<\/div>\n\t\t<div class=\"elementor-element elementor-element-72114fe e-con-full qodef-elementor-content-grid elementor-hidden-desktop elementor-hidden-tablet elementor-hidden-mobile e-flex e-con e-parent\" data-id=\"72114fe\" data-element_type=\"container\" data-e-type=\"container\">\n\t\t<div class=\"elementor-element elementor-element-f701be8 e-con-full e-flex e-con e-child\" data-id=\"f701be8\" data-element_type=\"container\" data-e-type=\"container\">\n\t\t\t\t<div class=\"elementor-element elementor-element-bcb4a27 elementor-widget__width-initial elementor-widget-tablet__width-inherit elementor-widget elementor-widget-toddlerplay_core_section_title\" data-id=\"bcb4a27\" data-element_type=\"widget\" data-e-type=\"widget\" data-widget_type=\"toddlerplay_core_section_title.default\">\n\t\t\t\t<div class=\"elementor-widget-container\">\n\t\t\t\t\t<div class=\"qodef-shortcode qodef-m  qodef-section-title qodef-alignment--left qodef-title-break--disabled  \">\n\t\t<h3 class=\"qodef-m-title\" >\n\t\t\t\t\tDirection du secr\u00e9tariat et de<br \/> l'infrastructure\t\t\t<\/h3>\n\t\t<\/div>\n\t\t\t\t<\/div>\n\t\t\t\t<\/div>\n\t\t\t\t<\/div>\n\t\t<div class=\"elementor-element elementor-element-b33b97f e-con-full e-flex e-con e-child\" data-id=\"b33b97f\" data-element_type=\"container\" data-e-type=\"container\">\n\t\t\t\t<div class=\"elementor-element elementor-element-cb5c258 elementor-widget__width-initial elementor-widget-tablet__width-initial elementor-widget elementor-widget-text-editor\" data-id=\"cb5c258\" data-element_type=\"widget\" data-e-type=\"widget\" data-widget_type=\"text-editor.default\">\n\t\t\t\t<div class=\"elementor-widget-container\">\n\t\t\t\t\t\t\t\t\t<p>FamiPlus recherche une <strong>responsable du secr\u00e9tariat et de l&rsquo;infrastructure bilingue<\/strong> (fran\u00e7ais\/allemand) pour 8 heures par semaine (2 matin\u00e9es au bureau \u00e0 3 heures ; 2 heures pour les t\u00e2ches d&rsquo;infrastructure).<\/p><p>Traiter la correspondance, r\u00e9pondre aux demandes t\u00e9l\u00e9phoniques, mettre \u00e0 jour les d\u00e9pliants, g\u00e9rer les adresses, organiser la location de salles et tenir \u00e0 jour nos m\u00e9dias sociaux ne sont que quelques-unes des t\u00e2ches vari\u00e9es qui vous attendent dans notre bureau. En outre, vous serez la personne de contact pour les employ\u00e9es de votre secteur et pour les questions et t\u00e2ches relatives aux b\u00e2timents et au jardin. La participation aux r\u00e9unions mensuelles de l&rsquo;entreprise, aux formations continues et aux retraites s&rsquo;y ajoute sur une base volontaire.  <\/p><p>Votre profil :<\/p><ul><li>Une formation commerciale ou une exp\u00e9rience \u00e9quivalente<\/li><li>Bonne connaissance de l&rsquo;allemand\/fran\u00e7ais<\/li><li>Bonne connaissance de l&rsquo;utilisation d&rsquo;un PC<\/li><li>Garder la t\u00eate froide dans les moments de stress et ne pas perdre la vue d&rsquo;ensemble<\/li><li>Talent d&rsquo;organisation<\/li><li>Travail ind\u00e9pendant, esprit d&rsquo;initiative<\/li><\/ul><p>D\u00e9but du travail : 1er mars 2024<\/p><p>Int\u00e9ress\u00e9(e) ? Envoyez votre candidature par e-mail \u00e0 info@famiplus.ch<\/p>\t\t\t\t\t\t\t\t<\/div>\n\t\t\t\t<\/div>\n\t\t\t\t<\/div>\n\t\t\t\t<\/div>\n\t\t<div class=\"elementor-element elementor-element-2abaacb e-con-full qodef-elementor-content-grid elementor-hidden-desktop elementor-hidden-tablet elementor-hidden-mobile e-flex e-con e-parent\" data-id=\"2abaacb\" data-element_type=\"container\" data-e-type=\"container\">\n\t\t<div class=\"elementor-element elementor-element-f6883a4 e-con-full e-flex e-con e-child\" data-id=\"f6883a4\" data-element_type=\"container\" data-e-type=\"container\">\n\t\t\t\t<div class=\"elementor-element elementor-element-2c8b55e elementor-widget__width-initial elementor-widget-tablet__width-inherit elementor-widget elementor-widget-toddlerplay_core_section_title\" data-id=\"2c8b55e\" data-element_type=\"widget\" data-e-type=\"widget\" data-widget_type=\"toddlerplay_core_section_title.default\">\n\t\t\t\t<div class=\"elementor-widget-container\">\n\t\t\t\t\t<div class=\"qodef-shortcode qodef-m  qodef-section-title qodef-alignment--left qodef-title-break--disabled  \">\n\t\t<h3 class=\"qodef-m-title\" >\n\t\t\t\t\tRecherche d'un collaborateur pour notre<br \/> caf\u00e9\t\t\t<\/h3>\n\t\t<\/div>\n\t\t\t\t<\/div>\n\t\t\t\t<\/div>\n\t\t\t\t<\/div>\n\t\t<div class=\"elementor-element elementor-element-f4ed7a5 e-con-full e-flex e-con e-child\" data-id=\"f4ed7a5\" data-element_type=\"container\" data-e-type=\"container\">\n\t\t\t\t<div class=\"elementor-element elementor-element-1763559 elementor-widget__width-initial elementor-widget-tablet__width-initial elementor-widget elementor-widget-text-editor\" data-id=\"1763559\" data-element_type=\"widget\" data-e-type=\"widget\" data-widget_type=\"text-editor.default\">\n\t\t\t\t<div class=\"elementor-widget-container\">\n\t\t\t\t\t\t\t\t\t<p>Pour soutenir notre \u00e9quipe, nous recherchons une personne ouverte et sociable qui souhaiterait travailler \u00e0 la caf\u00e9t\u00e9ria 1 \u00e0 2 demi-journ\u00e9es par semaine.<\/p><p>Vos t\u00e2ches :<\/p><ul><li>Fournir des boissons et des snacks et les vendre aux visiteurs<\/li><li>cr\u00e9er une ambiance agr\u00e9able dans la caf\u00e9t\u00e9ria<\/li><li>Recevoir des visiteurs<\/li><li>Partager des informations sur FamiPlus et nos offres<\/li><li>D\u00e9compte des recettes journali\u00e8res<\/li><li>Ranger et nettoyer la caf\u00e9t\u00e9ria<\/li><li>Collaboration avec le responsable du d\u00e9partement et les autres collaborateurs<\/li><li>Participation \u00e0 la r\u00e9union d&rsquo;entreprise (1 fois par mois) et aux \u00e9v\u00e9nements de FamiPlus<\/li><\/ul><p>Le travail se fait sur une base horaire (12,- Fr.\/heure).<\/p><p>Si vous \u00eates int\u00e9ress\u00e9, envoyez-nous votre candidature et votre CV \u00e0 l&rsquo;adresse suivante :<\/p><p>FamiPlus, Quai du Bas 1b, 2502 Bienne, info@famiplus.ch, t\u00e9l. 032 322 23 21<\/p>\t\t\t\t\t\t\t\t<\/div>\n\t\t\t\t<\/div>\n\t\t\t\t<\/div>\n\t\t\t\t<\/div>\n\t\t<div class=\"elementor-element elementor-element-06cd25c e-con-full qodef-elementor-content-grid elementor-hidden-desktop elementor-hidden-tablet elementor-hidden-mobile e-flex e-con e-parent\" data-id=\"06cd25c\" data-element_type=\"container\" data-e-type=\"container\">\n\t\t<div class=\"elementor-element elementor-element-a197c8a e-con-full e-flex e-con e-child\" data-id=\"a197c8a\" data-element_type=\"container\" data-e-type=\"container\">\n\t\t\t\t<div class=\"elementor-element elementor-element-ae19281 elementor-widget__width-initial elementor-widget-tablet__width-inherit elementor-widget elementor-widget-toddlerplay_core_section_title\" data-id=\"ae19281\" data-element_type=\"widget\" data-e-type=\"widget\" data-widget_type=\"toddlerplay_core_section_title.default\">\n\t\t\t\t<div class=\"elementor-widget-container\">\n\t\t\t\t\t<div class=\"qodef-shortcode qodef-m  qodef-section-title qodef-alignment--left qodef-title-break--disabled  \">\n\t\t<h3 class=\"qodef-m-title\" >\n\t\t\t\t\tCollaboratrice dans la salle de<br \/> jeux \t\t\t<\/h3>\n\t\t<\/div>\n\t\t\t\t<\/div>\n\t\t\t\t<\/div>\n\t\t\t\t<\/div>\n\t\t<div class=\"elementor-element elementor-element-55e78cb e-con-full e-flex e-con e-child\" data-id=\"55e78cb\" data-element_type=\"container\" data-e-type=\"container\">\n\t\t\t\t<div class=\"elementor-element elementor-element-910806d elementor-widget__width-initial elementor-widget-tablet__width-initial elementor-widget elementor-widget-text-editor\" data-id=\"910806d\" data-element_type=\"widget\" data-e-type=\"widget\" data-widget_type=\"text-editor.default\">\n\t\t\t\t<div class=\"elementor-widget-container\">\n\t\t\t\t\t\t\t\t\t<p>Pour soutenir notre \u00e9quipe, nous recherchons une personne ouverte et sociable qui souhaiterait travailler 1 \u00e0 2 demi-journ\u00e9es par semaine <strong>dans la salle de jeux<\/strong>.<\/p><p><strong>Vos t\u00e2ches :<\/strong><\/p><ul><li>Am\u00e9nagement de la salle de jeux et de l&rsquo;aire de jeux dans le jardin selon la liste de contr\u00f4le<\/li><li>Surveillance des enfants dans la salle de jeux et sur l&rsquo;aire de jeux dans le jardin<\/li><li>proposer des activit\u00e9s manuelles ou autres pour les enfants<\/li><li>Accueillir les nouveaux visiteurs et s&rsquo;assurer que FamiPlus est pr\u00e9sent\u00e9 aux nouveaux visiteurs.<\/li><li>Informer r\u00e9guli\u00e8rement les visiteurs des offres actuelles ; \u00eatre \u00e0 l&rsquo;\u00e9coute de leurs besoins<\/li><li>Ranger et nettoyer la salle de jeux et l&rsquo;aire de jeux dans le jardin selon la liste de contr\u00f4le<\/li><li>Collaboration avec le responsable du d\u00e9partement et les autres collaborateurs<\/li><li>Participation \u00e0 la r\u00e9union d&rsquo;entreprise (1 fois par mois) et aux \u00e9v\u00e9nements de FamiPlus<\/li><\/ul><p>Le travail se fait sur une base horaire (12,- Fr.\/heure). Il est possible d&#8217;emmener ses propres enfants d&rsquo;\u00e2ge pr\u00e9scolaire au travail. <\/p><p>Si vous \u00eates int\u00e9ress\u00e9(e), envoyez-nous votre candidature et votre CV \u00e0 :<br>FamiPlus, Quai du Bas 1b, 2502 Bienne, info@famiplus.ch, t\u00e9l. 032 322 23 21<\/p>\t\t\t\t\t\t\t\t<\/div>\n\t\t\t\t<\/div>\n\t\t\t\t<\/div>\n\t\t\t\t<\/div>\n\t\t<div class=\"elementor-element elementor-element-e35f555 e-con-full qodef-elementor-content-grid elementor-hidden-desktop elementor-hidden-tablet elementor-hidden-mobile e-flex e-con e-parent\" data-id=\"e35f555\" data-element_type=\"container\" data-e-type=\"container\">\n\t\t<div class=\"elementor-element elementor-element-629626b e-con-full e-flex e-con e-child\" data-id=\"629626b\" data-element_type=\"container\" data-e-type=\"container\">\n\t\t\t\t<div class=\"elementor-element elementor-element-a153284 elementor-widget__width-initial elementor-widget-tablet__width-inherit elementor-widget elementor-widget-toddlerplay_core_section_title\" data-id=\"a153284\" data-element_type=\"widget\" data-e-type=\"widget\" data-widget_type=\"toddlerplay_core_section_title.default\">\n\t\t\t\t<div class=\"elementor-widget-container\">\n\t\t\t\t\t<div class=\"qodef-shortcode qodef-m  qodef-section-title qodef-alignment--left qodef-title-break--disabled  \">\n\t\t<h3 class=\"qodef-m-title\" >\n\t\t\t\t\tComptable\t\t\t<\/h3>\n\t\t<\/div>\n\t\t\t\t<\/div>\n\t\t\t\t<\/div>\n\t\t\t\t<\/div>\n\t\t<div class=\"elementor-element elementor-element-5a91a13 e-con-full e-flex e-con e-child\" data-id=\"5a91a13\" data-element_type=\"container\" data-e-type=\"container\">\n\t\t\t\t<div class=\"elementor-element elementor-element-8d7eb4e elementor-widget__width-initial elementor-widget-tablet__width-initial elementor-widget elementor-widget-text-editor\" data-id=\"8d7eb4e\" data-element_type=\"widget\" data-e-type=\"widget\" data-widget_type=\"text-editor.default\">\n\t\t\t\t<div class=\"elementor-widget-container\">\n\t\t\t\t\t\t\t\t\t<p><strong>FamiPlus recherche un(e) comptable pour 3 heures par semaine.<\/strong><\/p><p>Comptabiliser les paiements mensuels entrants et sortants, r\u00e9gler les factures des fournisseurs, calculer les heures et payer les indemnit\u00e9s mensuelles des collaborateurs, contr\u00f4ler le budget, \u00e9tablir les bilans mensuels et annuels sont quelques-unes des t\u00e2ches vari\u00e9es qui incombent \u00e0 notre service comptable.<\/p><p><strong>Ce que vous devez apporter :<\/strong><\/p><ul><li>Bonne connaissance de la comptabilit\u00e9 financi\u00e8re<\/li><li>Talent d&rsquo;organisation<\/li><li>Connaissance de l&rsquo;allemand\/fran\u00e7ais<\/li><li>Exp\u00e9rience du travail de bureau, utilisation de Windows, Word, Excel<\/li><li>Garder la t\u00eate froide dans les moments de stress et ne pas perdre la vue d&rsquo;ensemble<\/li><li>Travail autonome<\/li><li>Capacit\u00e9 \u00e0 travailler en \u00e9quipe<\/li><\/ul><p>Int\u00e9ress\u00e9(e) ? Envoyez-nous votre candidature \u00e0 FamiPlus, Unterer Quai 1b, 2502 Bienne ou par e-mail \u00e0 info@famiplus.ch<\/p>\t\t\t\t\t\t\t\t<\/div>\n\t\t\t\t<\/div>\n\t\t\t\t<\/div>\n\t\t\t\t<\/div>\n\t\t<div class=\"elementor-element elementor-element-74713f4 e-flex e-con-boxed e-con e-parent\" data-id=\"74713f4\" data-element_type=\"container\" data-e-type=\"container\">\n\t\t\t\t\t<div class=\"e-con-inner\">\n\t\t\t\t<div class=\"elementor-element elementor-element-3f8c722 elementor-widget elementor-widget-text-editor\" data-id=\"3f8c722\" data-element_type=\"widget\" data-e-type=\"widget\" data-widget_type=\"text-editor.default\">\n\t\t\t\t<div class=\"elementor-widget-container\">\n\t\t\t\t\t\t\t\t\t<p style=\"text-align: center;\"><strong><span style=\"color: #0000ff;\">Nous n&rsquo;avons actuellement aucun poste vacant. Revenez nous consulter<\/span><\/strong> <span style=\"color: #0000ff;\"><strong>ult\u00e9rieurement<\/strong><\/span>.<\/p>\t\t\t\t\t\t\t\t<\/div>\n\t\t\t\t<\/div>\n\t\t\t\t\t<\/div>\n\t\t\t\t<\/div>\n\t\t\t\t<\/div>\n\t\t","protected":false},"excerpt":{"rendered":"<p>Responsable p\u00e9dagogique Vous \u00eates cordialement invit\u00e9\u00b7e \u00e0 postuler pour cette t\u00e2che passionnante et responsable. Vos t\u00e2ches : Direction p\u00e9dagogique des activit\u00e9s au sein de FamiPlus Encadrement des collaboratrices dans la salle de jeux Poursuite et d\u00e9veloppement des offres pour les parents et les enfants Planification et coordination de projets et d\u2019\u00e9v\u00e9nements \u00c9change et collaboration avec [&hellip;]<\/p>\n","protected":false},"author":1,"featured_media":0,"parent":0,"menu_order":0,"comment_status":"closed","ping_status":"closed","template":"page-full-width.php","meta":{"footnotes":""},"class_list":["post-7297","page","type-page","status-publish","hentry"],"_links":{"self":[{"href":"https:\/\/famiplus.ch\/fr\/wp-json\/wp\/v2\/pages\/7297","targetHints":{"allow":["GET"]}}],"collection":[{"href":"https:\/\/famiplus.ch\/fr\/wp-json\/wp\/v2\/pages"}],"about":[{"href":"https:\/\/famiplus.ch\/fr\/wp-json\/wp\/v2\/types\/page"}],"author":[{"embeddable":true,"href":"https:\/\/famiplus.ch\/fr\/wp-json\/wp\/v2\/users\/1"}],"replies":[{"embeddable":true,"href":"https:\/\/famiplus.ch\/fr\/wp-json\/wp\/v2\/comments?post=7297"}],"version-history":[{"count":23,"href":"https:\/\/famiplus.ch\/fr\/wp-json\/wp\/v2\/pages\/7297\/revisions"}],"predecessor-version":[{"id":9093,"href":"https:\/\/famiplus.ch\/fr\/wp-json\/wp\/v2\/pages\/7297\/revisions\/9093"}],"wp:attachment":[{"href":"https:\/\/famiplus.ch\/fr\/wp-json\/wp\/v2\/media?parent=7297"}],"curies":[{"name":"wp","href":"https:\/\/api.w.org\/{rel}","templated":true}]}}