{"id":7290,"date":"2025-04-08T19:54:27","date_gmt":"2025-04-08T17:54:27","guid":{"rendered":"https:\/\/test.famiplus.ch\/association\/"},"modified":"2026-03-22T19:35:39","modified_gmt":"2026-03-22T18:35:39","slug":"association","status":"publish","type":"page","link":"https:\/\/famiplus.ch\/fr\/association\/","title":{"rendered":"Association"},"content":{"rendered":"\t\t<div data-elementor-type=\"wp-page\" data-elementor-id=\"7290\" class=\"elementor elementor-7290 elementor-6993\">\n\t\t\t\t<div class=\"elementor-element elementor-element-3b3dd00c e-flex e-con-boxed e-con e-parent\" data-id=\"3b3dd00c\" data-element_type=\"container\" data-e-type=\"container\">\n\t\t\t\t\t<div class=\"e-con-inner\">\n\t\t\t\t<div class=\"elementor-element elementor-element-a18cb0f elementor-widget elementor-widget-text-editor\" data-id=\"a18cb0f\" data-element_type=\"widget\" data-e-type=\"widget\" data-widget_type=\"text-editor.default\">\n\t\t\t\t<div class=\"elementor-widget-container\">\n\t\t\t\t\t\t\t\t\t<h1 class=\"wp-block-heading\">Association<\/h1><h3 class=\"wp-block-heading\"><strong>Qui est derri\u00e8re FamiPlus Bienne ?<\/strong><\/h3><p>Sous le nom \u00ab FamiPlus \u00bb existe une association au sens des articles 60 et suivants du Code civil suisse, dont le si\u00e8ge est \u00e0 Bienne. Elle est politiquement et confessionnellement neutre.<br \/>La mission de l&rsquo;association consiste \u00e0 mettre en place, entretenir et g\u00e9rer le centre familial FamiPlus. L&rsquo;objectif est d&rsquo;am\u00e9liorer la mise en r\u00e9seau des familles dans le domaine social et soci\u00e9tal.<\/p><p>Un groupe d&rsquo;initiative a fond\u00e9 l&rsquo;association \u00ab\u00a0Centre de pu\u00e9riculture de la r\u00e9gion de Bienne\u00a0\u00bb le 25 octobre 1995. En 1997, le lieu de rencontre des familles a commenc\u00e9 \u00e0 fonctionner. De nombreux hommes et femmes int\u00e9ress\u00e9s ont rejoint l&rsquo;association au fil des ans. Aujourd&rsquo;hui, environ 200 membres soutiennent l&rsquo;association. Lors de l&rsquo;assembl\u00e9e g\u00e9n\u00e9rale du 21 mars 2006, les membres ont approuv\u00e9 le nouveau nom FAMIPLUS. Celui-ci refl\u00e8te l&rsquo;ouverture \u00e9galement aux p\u00e8res, parrains, marraines, grands-m\u00e8res et grands-p\u00e8res.<\/p><h3 class=\"wp-block-heading\"><strong>D&rsquo;o\u00f9 proviennent les finances ?<\/strong><\/h3><p>L&rsquo;association est financ\u00e9e par les cotisations des membres, les dons, les subventions et les \u00e9ventuels exc\u00e9dents issus des activit\u00e9s de l&rsquo;association. En outre, un contrat de prestations a \u00e9t\u00e9 conclu avec la Ville de Bienne afin de garantir les fonctions de base de l&rsquo;association.<\/p><h3 class=\"wp-block-heading\">Nos statuts<\/h3><p><a href=\"https:\/\/famiplus.ch\/wp-content\/uploads\/2025\/04\/statuten_de.pdf\" target=\"_blank\" rel=\"noreferrer noopener\" data-type=\"link\" data-id=\"https:\/\/famiplus.ch\/wp-content\/uploads\/2025\/04\/statuten_de.pdf\"><strong>Statuts en fran\u00e7ais<\/strong><\/a><\/p><p><a href=\"https:\/\/famiplus.ch\/wp-content\/uploads\/2026\/03\/Modification-status-fr.pdf\">Modification statuts 2026<\/a><\/p><h3 class=\"wp-block-heading\">Dons<\/h3><p><a href=\"https:\/\/famiplus.ch\/fr\/dons\/\" data-type=\"link\" data-id=\"https:\/\/famiplus.ch\/spenden\/\">Faire un don \u00e0 notre association.<\/a><\/p>\t\t\t\t\t\t\t\t<\/div>\n\t\t\t\t<\/div>\n\t\t\t\t\t<\/div>\n\t\t\t\t<\/div>\n\t\t\t\t<\/div>\n\t\t","protected":false},"excerpt":{"rendered":"<p>Association Qui est derri\u00e8re FamiPlus Bienne ? Sous le nom \u00ab FamiPlus \u00bb existe une association au sens des articles 60 et suivants du Code civil suisse, dont le si\u00e8ge est \u00e0 Bienne. Elle est politiquement et confessionnellement neutre.La mission de l&rsquo;association consiste \u00e0 mettre en place, entretenir et g\u00e9rer le centre familial FamiPlus. L&rsquo;objectif [&hellip;]<\/p>\n","protected":false},"author":1,"featured_media":0,"parent":0,"menu_order":0,"comment_status":"closed","ping_status":"closed","template":"","meta":{"footnotes":""},"class_list":["post-7290","page","type-page","status-publish","hentry"],"_links":{"self":[{"href":"https:\/\/famiplus.ch\/fr\/wp-json\/wp\/v2\/pages\/7290","targetHints":{"allow":["GET"]}}],"collection":[{"href":"https:\/\/famiplus.ch\/fr\/wp-json\/wp\/v2\/pages"}],"about":[{"href":"https:\/\/famiplus.ch\/fr\/wp-json\/wp\/v2\/types\/page"}],"author":[{"embeddable":true,"href":"https:\/\/famiplus.ch\/fr\/wp-json\/wp\/v2\/users\/1"}],"replies":[{"embeddable":true,"href":"https:\/\/famiplus.ch\/fr\/wp-json\/wp\/v2\/comments?post=7290"}],"version-history":[{"count":9,"href":"https:\/\/famiplus.ch\/fr\/wp-json\/wp\/v2\/pages\/7290\/revisions"}],"predecessor-version":[{"id":8780,"href":"https:\/\/famiplus.ch\/fr\/wp-json\/wp\/v2\/pages\/7290\/revisions\/8780"}],"wp:attachment":[{"href":"https:\/\/famiplus.ch\/fr\/wp-json\/wp\/v2\/media?parent=7290"}],"curies":[{"name":"wp","href":"https:\/\/api.w.org\/{rel}","templated":true}]}}