{"id":7286,"date":"2025-04-08T19:57:34","date_gmt":"2025-04-08T19:57:34","guid":{"rendered":"https:\/\/test.famiplus.ch\/dons\/"},"modified":"2025-04-15T20:41:08","modified_gmt":"2025-04-15T20:41:08","slug":"dons","status":"publish","type":"page","link":"https:\/\/famiplus.ch\/fr\/dons\/","title":{"rendered":"Dons"},"content":{"rendered":"\n<h1 class=\"wp-block-heading\">Dons<\/h1>\n\n<p>Pour mener \u00e0 bien nos missions, nous d\u00e9pendons \u00e9galement de dons.<br\/>Nous souhaitons profiter de cette occasion pour remercier chaleureusement toutes les contributions que nous avons re\u00e7ues jusqu&rsquo;\u00e0 pr\u00e9sent et que nous esp\u00e9rons encore recevoir.<\/p>\n\n<p>Chaque don est n\u00e9cessaire ! Notre compte pour les dons est le suivant<\/p>\n\n<p>PC 25-4505-1 IBAN CH78 0900 0000 2500 4505 1<\/p>\n\n<p>Merci de votre soutien !<\/p>\n","protected":false},"excerpt":{"rendered":"<p>Dons Pour mener \u00e0 bien nos missions, nous d\u00e9pendons \u00e9galement de dons.Nous souhaitons profiter de cette occasion pour remercier chaleureusement toutes les contributions que nous avons re\u00e7ues jusqu&rsquo;\u00e0 pr\u00e9sent et que nous esp\u00e9rons encore recevoir. Chaque don est n\u00e9cessaire ! Notre compte pour les dons est le suivant PC 25-4505-1 IBAN CH78 0900 0000 2500 [&hellip;]<\/p>\n","protected":false},"author":1,"featured_media":0,"parent":0,"menu_order":0,"comment_status":"closed","ping_status":"closed","template":"","meta":{"footnotes":""},"class_list":["post-7286","page","type-page","status-publish","hentry"],"_links":{"self":[{"href":"https:\/\/famiplus.ch\/fr\/wp-json\/wp\/v2\/pages\/7286","targetHints":{"allow":["GET"]}}],"collection":[{"href":"https:\/\/famiplus.ch\/fr\/wp-json\/wp\/v2\/pages"}],"about":[{"href":"https:\/\/famiplus.ch\/fr\/wp-json\/wp\/v2\/types\/page"}],"author":[{"embeddable":true,"href":"https:\/\/famiplus.ch\/fr\/wp-json\/wp\/v2\/users\/1"}],"replies":[{"embeddable":true,"href":"https:\/\/famiplus.ch\/fr\/wp-json\/wp\/v2\/comments?post=7286"}],"version-history":[{"count":2,"href":"https:\/\/famiplus.ch\/fr\/wp-json\/wp\/v2\/pages\/7286\/revisions"}],"predecessor-version":[{"id":7292,"href":"https:\/\/famiplus.ch\/fr\/wp-json\/wp\/v2\/pages\/7286\/revisions\/7292"}],"wp:attachment":[{"href":"https:\/\/famiplus.ch\/fr\/wp-json\/wp\/v2\/media?parent=7286"}],"curies":[{"name":"wp","href":"https:\/\/api.w.org\/{rel}","templated":true}]}}