{"id":7283,"date":"2025-04-08T19:56:51","date_gmt":"2025-04-08T17:56:51","guid":{"rendered":"https:\/\/test.famiplus.ch\/direction-du-departement\/"},"modified":"2026-05-14T15:39:45","modified_gmt":"2026-05-14T13:39:45","slug":"direction-du-departement","status":"publish","type":"page","link":"https:\/\/famiplus.ch\/fr\/direction-du-departement\/","title":{"rendered":"Responsables de domaines"},"content":{"rendered":"\t\t<div data-elementor-type=\"wp-page\" data-elementor-id=\"7283\" class=\"elementor elementor-7283 elementor-6999\">\n\t\t\t\t<div class=\"elementor-element elementor-element-61fc1df e-flex e-con-boxed e-con e-parent\" data-id=\"61fc1df\" data-element_type=\"container\" data-e-type=\"container\">\n\t\t\t\t\t<div class=\"e-con-inner\">\n\t\t\t\t<div class=\"elementor-element elementor-element-201d0926 elementor-widget elementor-widget-text-editor\" data-id=\"201d0926\" data-element_type=\"widget\" data-e-type=\"widget\" data-widget_type=\"text-editor.default\">\n\t\t\t\t<div class=\"elementor-widget-container\">\n\t\t\t\t\t\t\t\t\t<h1 class=\"wp-block-heading\">Responsables de domaines<\/h1>\n<p>L\u2019exploitation est g\u00e9r\u00e9e par la directrice d&rsquo;exploitation et les responsables de domaines. Elles sont engag\u00e9es par le comit\u00e9, sont responsables des processus au sein de l\u2019exploitation et se rencontrent r\u00e9guli\u00e8rement pour planifier et organiser les travaux \u00e0 venir.<\/p>\n<p><strong>Direction de l&rsquo;exploitation<\/strong>:<\/p>\n<ul class=\"wp-block-list\">\n<li>Weick Marion<\/li>\n<\/ul>\n<p><strong>Nos responsables de rubrique :<\/strong><\/p>\n<ul class=\"wp-block-list\">\n<li>Kuntner Laura : Responsable du domaine secr\u00e9tariat + infrastructure<\/li>\n<li>Supervia Berrogain Beatriz : Responsable du domaine \u00e9v\u00e9nements, projets d&rsquo;int\u00e9gration et caf\u00e9<\/li>\n<li>Gagnebin Milena : Responsable de la p\u00e9dagogie<\/li>\n<\/ul>\t\t\t\t\t\t\t\t<\/div>\n\t\t\t\t<\/div>\n\t\t\t\t\t<\/div>\n\t\t\t\t<\/div>\n\t\t\t\t<\/div>\n\t\t","protected":false},"excerpt":{"rendered":"<p>Responsables de domaines L\u2019exploitation est g\u00e9r\u00e9e par la directrice d&rsquo;exploitation et les responsables de domaines. Elles sont engag\u00e9es par le comit\u00e9, sont responsables des processus au sein de l\u2019exploitation et se rencontrent r\u00e9guli\u00e8rement pour planifier et organiser les travaux \u00e0 venir. Direction de l&rsquo;exploitation: Weick Marion Nos responsables de rubrique : Kuntner Laura : Responsable [&hellip;]<\/p>\n","protected":false},"author":1,"featured_media":0,"parent":0,"menu_order":0,"comment_status":"closed","ping_status":"closed","template":"","meta":{"footnotes":""},"class_list":["post-7283","page","type-page","status-publish","hentry"],"_links":{"self":[{"href":"https:\/\/famiplus.ch\/fr\/wp-json\/wp\/v2\/pages\/7283","targetHints":{"allow":["GET"]}}],"collection":[{"href":"https:\/\/famiplus.ch\/fr\/wp-json\/wp\/v2\/pages"}],"about":[{"href":"https:\/\/famiplus.ch\/fr\/wp-json\/wp\/v2\/types\/page"}],"author":[{"embeddable":true,"href":"https:\/\/famiplus.ch\/fr\/wp-json\/wp\/v2\/users\/1"}],"replies":[{"embeddable":true,"href":"https:\/\/famiplus.ch\/fr\/wp-json\/wp\/v2\/comments?post=7283"}],"version-history":[{"count":14,"href":"https:\/\/famiplus.ch\/fr\/wp-json\/wp\/v2\/pages\/7283\/revisions"}],"predecessor-version":[{"id":9121,"href":"https:\/\/famiplus.ch\/fr\/wp-json\/wp\/v2\/pages\/7283\/revisions\/9121"}],"wp:attachment":[{"href":"https:\/\/famiplus.ch\/fr\/wp-json\/wp\/v2\/media?parent=7283"}],"curies":[{"name":"wp","href":"https:\/\/api.w.org\/{rel}","templated":true}]}}