{"id":7279,"date":"2025-04-14T13:32:18","date_gmt":"2025-04-14T13:32:18","guid":{"rendered":"https:\/\/test.famiplus.ch\/mentions-legales\/"},"modified":"2025-04-15T20:43:25","modified_gmt":"2025-04-15T20:43:25","slug":"mentions-legales","status":"publish","type":"page","link":"https:\/\/famiplus.ch\/fr\/mentions-legales\/","title":{"rendered":"Mentions l\u00e9gales"},"content":{"rendered":"\n<h3 class=\"wp-block-heading\"><strong>Mentions l\u00e9gales<\/strong><\/h3>\n\n<p><strong>Ce site est g\u00e9r\u00e9 par<\/strong>:<\/p>\n\n<p>FamiPlus<br\/>Rencontre familiale<br\/>Unterer Quai 1b<br\/>2502 Biel\/Bienne<br\/><br\/>T 032 322 23 21<br\/>info@famiplus.ch<br\/>http:\/\/www.famiplus.ch<\/p>\n\n<p><\/p>\n","protected":false},"excerpt":{"rendered":"<p>Mentions l\u00e9gales Ce site est g\u00e9r\u00e9 par: FamiPlusRencontre familialeUnterer Quai 1b2502 Biel\/Bienne T 032 322 23 21info@famiplus.chhttp:\/\/www.famiplus.ch<\/p>\n","protected":false},"author":1,"featured_media":0,"parent":0,"menu_order":0,"comment_status":"closed","ping_status":"open","template":"","meta":{"footnotes":""},"class_list":["post-7279","page","type-page","status-publish","hentry"],"_links":{"self":[{"href":"https:\/\/famiplus.ch\/fr\/wp-json\/wp\/v2\/pages\/7279","targetHints":{"allow":["GET"]}}],"collection":[{"href":"https:\/\/famiplus.ch\/fr\/wp-json\/wp\/v2\/pages"}],"about":[{"href":"https:\/\/famiplus.ch\/fr\/wp-json\/wp\/v2\/types\/page"}],"author":[{"embeddable":true,"href":"https:\/\/famiplus.ch\/fr\/wp-json\/wp\/v2\/users\/1"}],"replies":[{"embeddable":true,"href":"https:\/\/famiplus.ch\/fr\/wp-json\/wp\/v2\/comments?post=7279"}],"version-history":[{"count":2,"href":"https:\/\/famiplus.ch\/fr\/wp-json\/wp\/v2\/pages\/7279\/revisions"}],"predecessor-version":[{"id":7281,"href":"https:\/\/famiplus.ch\/fr\/wp-json\/wp\/v2\/pages\/7279\/revisions\/7281"}],"wp:attachment":[{"href":"https:\/\/famiplus.ch\/fr\/wp-json\/wp\/v2\/media?parent=7279"}],"curies":[{"name":"wp","href":"https:\/\/api.w.org\/{rel}","templated":true}]}}